{"id":13,"date":"2017-03-08T13:55:05","date_gmt":"2017-03-08T11:55:05","guid":{"rendered":"https:\/\/smartdata.tonytemplates.com\/car-repair-service-v4-services\/?page_id=13"},"modified":"2022-10-11T22:28:22","modified_gmt":"2022-10-11T19:28:22","slug":"service-auto","status":"publish","type":"page","link":"https:\/\/starservice.ro\/?page_id=13","title":{"rendered":"SERVICE AUTO"},"content":{"rendered":"\t\t<div data-elementor-type=\"wp-page\" data-elementor-id=\"13\" class=\"elementor elementor-13\">\n\t\t\t\t\t\t\t\t\t<section class=\"elementor-section elementor-top-section elementor-element elementor-element-b951ccc elementor-section-stretched elementor-section-full_width elementor-section-height-default elementor-section-height-default\" data-id=\"b951ccc\" data-element_type=\"section\" data-settings=\"{&quot;stretch_section&quot;:&quot;section-stretched&quot;}\">\n\t\t\t\t\t\t<div class=\"elementor-container elementor-column-gap-no\">\n\t\t\t\t\t<div class=\"elementor-column elementor-col-100 elementor-top-column elementor-element elementor-element-984661c\" data-id=\"984661c\" data-element_type=\"column\">\n\t\t\t<div class=\"elementor-widget-wrap elementor-element-populated\">\n\t\t\t\t\t\t\t\t<div class=\"elementor-element elementor-element-92350bf elementor-widget elementor-widget-crs_services\" data-id=\"92350bf\" data-element_type=\"widget\" data-widget_type=\"crs_services.default\">\n\t\t\t\t<div class=\"elementor-widget-container\">\n\t\t\t\t\t<div class=\"block\">\n\t\t\t<div class=\"container no-indent\">\n\t\t\t\t<div class=\"tab-services hide-mobile\">\n\t\t\t\t\t<div class=\"tab-content\">\n\t\t\t\t\t\t<div class=\"row services-alt tab-pane fade in active\" id=\"services1\">\n\t\t\t\t\t\t\t\t\t\t\t\t\t\t\t\t<div class=\"col-xs-6 col-sm-6 col-md-4\">\n\t\t\t\t\t\t\t\t\t\t<div class=\"services-block-alt\">\n\t\t\t\t\t\t\t\t\t\t\t<div class=\"image\">\n\t\t\t\t\t\t\t\t\t\t\t\t<a href=\"https:\/\/starservice.ro\/?car_services=mecanica\" class=\"image-scale-color\">\n\t\t\t\t\t\t\t\t\t\t\t\t<img width=\"357\" height=\"242\" src=\"https:\/\/starservice.ro\/wp-content\/uploads\/2017\/03\/services-img-06-357x242.jpg\" class=\"attachment-car-repair-services-thumbnail size-car-repair-services-thumbnail wp-post-image\" alt=\"\" loading=\"lazy\" \/>\t\t\t\t\t\t\t\t\t\t\t\t<\/a>\n\t\t\t\t\t\t\t\t\t\t\t\t\t\t\t\t\t\t\t\t\t\t\t\t<i class=\"icon icon-oil\"><\/i>\n\t\t\t\t\t\t\t\t\t\t\t\t\t\t\t\t\t\t\t\t\t\t\t<\/div>\n\t\t\t\t\t\t\t\t\t\t\t<div class=\"caption\">\n\t\t\t\t\t\t\t\t\t\t\t\t<h3 class=\"title\"><a href=\"https:\/\/starservice.ro\/?car_services=mecanica\">MECANIC\u0102<\/a><\/h3>\n\t\t\t\t\t\t\t\t\t\t\t\t<div class=\"text\">\n\t\t\t\t\t\t\t\t\t\t\t\tMecanic\u0103\t\t\t\t\t\t\t\t\t\t\t\t<\/div>\n\t\t\t\t\t\t\t\t\t\t\t<\/div>\n\t\t\t\t\t\t\t\t\t\t<\/div>\n\t\t\t\t\t\t\t\t\t<\/div>\n\t\t\t\t\t\t\t\t\t\t\t\t\t\t\t\t\t\t<div class=\"col-xs-6 col-sm-6 col-md-4\">\n\t\t\t\t\t\t\t\t\t\t<div class=\"services-block-alt\">\n\t\t\t\t\t\t\t\t\t\t\t<div class=\"image\">\n\t\t\t\t\t\t\t\t\t\t\t\t<a href=\"https:\/\/starservice.ro\/?car_services=caroserie\" class=\"image-scale-color\">\n\t\t\t\t\t\t\t\t\t\t\t\t<img width=\"357\" height=\"242\" src=\"https:\/\/starservice.ro\/wp-content\/uploads\/2017\/03\/services-img-02-357x242.jpg\" class=\"attachment-car-repair-services-thumbnail size-car-repair-services-thumbnail wp-post-image\" alt=\"\" loading=\"lazy\" srcset=\"https:\/\/starservice.ro\/wp-content\/uploads\/2017\/03\/services-img-02-357x242.jpg 357w, https:\/\/starservice.ro\/wp-content\/uploads\/2017\/03\/services-img-02-300x204.jpg 300w, https:\/\/starservice.ro\/wp-content\/uploads\/2017\/03\/services-img-02.jpg 370w\" sizes=\"(max-width: 357px) 100vw, 357px\" \/>\t\t\t\t\t\t\t\t\t\t\t\t<\/a>\n\t\t\t\t\t\t\t\t\t\t\t\t\t\t\t\t\t\t\t\t\t\t\t\t<i class=\"icon icon-disc-brake\"><\/i>\n\t\t\t\t\t\t\t\t\t\t\t\t\t\t\t\t\t\t\t\t\t\t\t<\/div>\n\t\t\t\t\t\t\t\t\t\t\t<div class=\"caption\">\n\t\t\t\t\t\t\t\t\t\t\t\t<h3 class=\"title\"><a href=\"https:\/\/starservice.ro\/?car_services=caroserie\">CAROSERIE<\/a><\/h3>\n\t\t\t\t\t\t\t\t\t\t\t\t<div class=\"text\">\n\t\t\t\t\t\t\t\t\t\t\t\tCaroserie\t\t\t\t\t\t\t\t\t\t\t\t<\/div>\n\t\t\t\t\t\t\t\t\t\t\t<\/div>\n\t\t\t\t\t\t\t\t\t\t<\/div>\n\t\t\t\t\t\t\t\t\t<\/div>\n\t\t\t\t\t\t\t\t\t\t\t\t\t\t\t<\/div>\n\t\t\t\t\t<\/div>\n\t\t\t\t\t\t\t\t\t<\/div>\n\t\t\t\t<div class=\"tab-services show-mobile\">\n\t\t\t\t  \n\t\t\t\t\t\t<div class=\"row services-alt\">\n\t\t\t\t\t\t\t\t\t\t\t\t\t\t\t\t<div class=\"col-xs-6 col-sm-6 col-md-4\">\n\t\t\t\t\t\t\t\t\t\t<div class=\"services-block-alt\">\n\t\t\t\t\t\t\t\t\t\t\t<div class=\"image\">\n\t\t\t\t\t\t\t\t\t\t\t\t<a href=\"https:\/\/starservice.ro\/?car_services=mecanica\" class=\"image-scale-color\">\n\t\t\t\t\t\t\t\t\t\t\t\t<img width=\"357\" height=\"242\" src=\"https:\/\/starservice.ro\/wp-content\/uploads\/2017\/03\/services-img-06-357x242.jpg\" class=\"attachment-car-repair-services-thumbnail size-car-repair-services-thumbnail wp-post-image\" alt=\"\" loading=\"lazy\" \/>\t\t\t\t\t\t\t\t\t\t\t\t<\/a>\n\t\t\t\t\t\t\t\t\t\t\t\t\t\t\t\t\t\t\t\t\t\t\t\t<i class=\"icon icon-oil\"><\/i>\n\t\t\t\t\t\t\t\t\t\t\t\t\t\t\t\t\t\t\t\t\t\t\t<\/div>\n\t\t\t\t\t\t\t\t\t\t\t<div class=\"caption\">\n\t\t\t\t\t\t\t\t\t\t\t\t<h3 class=\"title\"><a href=\"https:\/\/starservice.ro\/?car_services=mecanica\">MECANIC\u0102<\/a><\/h3>\n\t\t\t\t\t\t\t\t\t\t\t\t<div class=\"text\">\n\t\t\t\t\t\t\t\t\t\t\t\tMecanic\u0103\t\t\t\t\t\t\t\t\t\t\t\t<\/div>\n\t\t\t\t\t\t\t\t\t\t\t<\/div>\n\t\t\t\t\t\t\t\t\t\t<\/div>\n\t\t\t\t\t\t\t\t\t<\/div>\n\t\t\t\t\t\t\t\t\t\t\t\t\t\t\t\t\t\t<div class=\"col-xs-6 col-sm-6 col-md-4\">\n\t\t\t\t\t\t\t\t\t\t<div class=\"services-block-alt\">\n\t\t\t\t\t\t\t\t\t\t\t<div class=\"image\">\n\t\t\t\t\t\t\t\t\t\t\t\t<a href=\"https:\/\/starservice.ro\/?car_services=caroserie\" class=\"image-scale-color\">\n\t\t\t\t\t\t\t\t\t\t\t\t<img width=\"357\" height=\"242\" src=\"https:\/\/starservice.ro\/wp-content\/uploads\/2017\/03\/services-img-02-357x242.jpg\" class=\"attachment-car-repair-services-thumbnail size-car-repair-services-thumbnail wp-post-image\" alt=\"\" loading=\"lazy\" srcset=\"https:\/\/starservice.ro\/wp-content\/uploads\/2017\/03\/services-img-02-357x242.jpg 357w, https:\/\/starservice.ro\/wp-content\/uploads\/2017\/03\/services-img-02-300x204.jpg 300w, https:\/\/starservice.ro\/wp-content\/uploads\/2017\/03\/services-img-02.jpg 370w\" sizes=\"(max-width: 357px) 100vw, 357px\" \/>\t\t\t\t\t\t\t\t\t\t\t\t<\/a>\n\t\t\t\t\t\t\t\t\t\t\t\t\t\t\t\t\t\t\t\t\t\t\t\t<i class=\"icon icon-disc-brake\"><\/i>\n\t\t\t\t\t\t\t\t\t\t\t\t\t\t\t\t\t\t\t\t\t\t\t<\/div>\n\t\t\t\t\t\t\t\t\t\t\t<div class=\"caption\">\n\t\t\t\t\t\t\t\t\t\t\t\t<h3 class=\"title\"><a href=\"https:\/\/starservice.ro\/?car_services=caroserie\">CAROSERIE<\/a><\/h3>\n\t\t\t\t\t\t\t\t\t\t\t\t<div class=\"text\">\n\t\t\t\t\t\t\t\t\t\t\t\tCaroserie\t\t\t\t\t\t\t\t\t\t\t\t<\/div>\n\t\t\t\t\t\t\t\t\t\t\t<\/div>\n\t\t\t\t\t\t\t\t\t\t<\/div>\n\t\t\t\t\t\t\t\t\t<\/div>\n\t\t\t\t\t\t\t\t\t\t\t\t\t\t\t<\/div>\n\t\t\t\t\t<\/div>\n\t\t\t\n\t\t\t<\/div>\n\t\t<\/div>\n\t\t\t\t<\/div>\n\t\t\t\t<\/div>\n\t\t\t\t\t<\/div>\n\t\t<\/div>\n\t\t\t\t\t\t\t<\/div>\n\t\t<\/section>\n\t\t\t\t<section class=\"elementor-section elementor-top-section elementor-element elementor-element-835202a elementor-section-stretched elementor-section-full_width elementor-section-height-default elementor-section-height-default\" data-id=\"835202a\" data-element_type=\"section\" data-settings=\"{&quot;stretch_section&quot;:&quot;section-stretched&quot;,&quot;background_background&quot;:&quot;classic&quot;}\">\n\t\t\t\t\t\t<div class=\"elementor-container elementor-column-gap-default\">\n\t\t\t\t\t<div class=\"elementor-column elementor-col-100 elementor-top-column elementor-element elementor-element-15c23c4\" data-id=\"15c23c4\" data-element_type=\"column\">\n\t\t\t<div class=\"elementor-widget-wrap elementor-element-populated\">\n\t\t\t\t\t\t\t\t<div class=\"elementor-element elementor-element-19b8131 elementor-widget elementor-widget-appointment_schedule\" data-id=\"19b8131\" data-element_type=\"widget\" data-widget_type=\"appointment_schedule.default\">\n\t\t\t\t<div class=\"elementor-widget-container\">\n\t\t\t\t\t\t<div class=\"block bg-custom-01 style-theme-01 \">\n  <div class=\"section__text-background text-color02 text-center text-background__center\">\n\t\t\t<\/div>\n  <div class=\"text-center\">\n\t<h2 class=\"h-lg\">Ma\u0219ina ta are probleme? <span class=\"color\">Te ajut\u0103m noi<\/span><\/h2>\n\t<p class=\"info\"><\/p>\n\t<h2 class=\"h-phone\">0240 531 215<\/h2>\n\t<div class=\"btn-inline\">\n\t\t\t\t  <a class=\"btn btn-border btn-wide\"\n\t\thref=\"https:\/\/starservice.ro\/?page_id=48\"><span>CONTACTEAZ\u0102-NE<\/span><\/a>\n\t  \t<\/div>\n  <\/div>\n<\/div>\n\n\t\t\t\t\t<\/div>\n\t\t\t\t<\/div>\n\t\t\t\t\t<\/div>\n\t\t<\/div>\n\t\t\t\t\t\t\t<\/div>\n\t\t<\/section>\n\t\t\t\t\t\t\t<\/div>\n\t\t","protected":false},"excerpt":{"rendered":"<p>MECANIC\u0102 Mecanic\u0103 CAROSERIE Caroserie MECANIC\u0102 Mecanic\u0103 CAROSERIE Caroserie Ma\u0219ina ta are probleme? Te ajut\u0103m noi 0240 531 215 CONTACTEAZ\u0102-NE<\/p>\n","protected":false},"author":1,"featured_media":0,"parent":0,"menu_order":0,"comment_status":"closed","ping_status":"closed","template":"","meta":[],"_links":{"self":[{"href":"https:\/\/starservice.ro\/index.php?rest_route=\/wp\/v2\/pages\/13"}],"collection":[{"href":"https:\/\/starservice.ro\/index.php?rest_route=\/wp\/v2\/pages"}],"about":[{"href":"https:\/\/starservice.ro\/index.php?rest_route=\/wp\/v2\/types\/page"}],"author":[{"embeddable":true,"href":"https:\/\/starservice.ro\/index.php?rest_route=\/wp\/v2\/users\/1"}],"replies":[{"embeddable":true,"href":"https:\/\/starservice.ro\/index.php?rest_route=%2Fwp%2Fv2%2Fcomments&post=13"}],"version-history":[{"count":23,"href":"https:\/\/starservice.ro\/index.php?rest_route=\/wp\/v2\/pages\/13\/revisions"}],"predecessor-version":[{"id":3295,"href":"https:\/\/starservice.ro\/index.php?rest_route=\/wp\/v2\/pages\/13\/revisions\/3295"}],"wp:attachment":[{"href":"https:\/\/starservice.ro\/index.php?rest_route=%2Fwp%2Fv2%2Fmedia&parent=13"}],"curies":[{"name":"wp","href":"https:\/\/api.w.org\/{rel}","templated":true}]}}