{"id":4419,"date":"2025-04-10T13:41:50","date_gmt":"2025-04-10T10:41:50","guid":{"rendered":"https:\/\/starservice.ro\/?page_id=4419"},"modified":"2025-04-10T14:18:43","modified_gmt":"2025-04-10T11:18:43","slug":"dacia-duster","status":"publish","type":"page","link":"https:\/\/starservice.ro\/?page_id=4419","title":{"rendered":"DUSTER"},"content":{"rendered":"\t\t<div data-elementor-type=\"wp-page\" data-elementor-id=\"4419\" class=\"elementor elementor-4419\">\n\t\t\t\t\t\t\t\t\t<section class=\"elementor-section elementor-top-section elementor-element elementor-element-cef3218 elementor-section-stretched elementor-section-full_width elementor-section-height-default elementor-section-height-default\" data-id=\"cef3218\" data-element_type=\"section\" data-settings=\"{&quot;stretch_section&quot;:&quot;section-stretched&quot;}\">\n\t\t\t\t\t\t<div class=\"elementor-container elementor-column-gap-no\">\n\t\t\t\t\t<div class=\"elementor-column elementor-col-100 elementor-top-column elementor-element elementor-element-45c630c\" data-id=\"45c630c\" data-element_type=\"column\">\n\t\t\t<div class=\"elementor-widget-wrap elementor-element-populated\">\n\t\t\t\t\t\t\t\t<div class=\"elementor-element elementor-element-19221b2 elementor-widget elementor-widget-image\" data-id=\"19221b2\" data-element_type=\"widget\" data-widget_type=\"image.default\">\n\t\t\t\t<div class=\"elementor-widget-container\">\n\t\t\t\t\t\t\t\t\t\t\t\t\t\t\t<img width=\"1024\" height=\"131\" src=\"https:\/\/starservice.ro\/wp-content\/uploads\/2025\/04\/dacia-logo-1024x131-1.png\" class=\"attachment-full size-full\" alt=\"\" loading=\"lazy\" srcset=\"https:\/\/starservice.ro\/wp-content\/uploads\/2025\/04\/dacia-logo-1024x131-1.png 1024w, https:\/\/starservice.ro\/wp-content\/uploads\/2025\/04\/dacia-logo-1024x131-1-300x38.png 300w, https:\/\/starservice.ro\/wp-content\/uploads\/2025\/04\/dacia-logo-1024x131-1-768x98.png 768w, https:\/\/starservice.ro\/wp-content\/uploads\/2025\/04\/dacia-logo-1024x131-1-870x111.png 870w, https:\/\/starservice.ro\/wp-content\/uploads\/2025\/04\/dacia-logo-1024x131-1-600x77.png 600w\" sizes=\"(max-width: 1024px) 100vw, 1024px\" \/>\t\t\t\t\t\t\t\t\t\t\t\t\t\t\t<\/div>\n\t\t\t\t<\/div>\n\t\t\t\t<div class=\"elementor-element elementor-element-827fa6b elementor-widget elementor-widget-csr_slickslider\" data-id=\"827fa6b\" data-element_type=\"widget\" data-settings=\"{&quot;autoplay_speed&quot;:2000,&quot;speed&quot;:500}\" data-widget_type=\"csr_slickslider.default\">\n\t\t\t\t<div class=\"elementor-widget-container\">\n\t\t\t\t\t<div id=\"mainSliderWrapper\" data-slickslider='{\"autoplay\":true,\"autoplay_speed\":2000,\"arrows\":false,\"dots\":true,\"fade\":true,\"speed\":500,\"pause_on_hover\":true,\"pause_on_dots_hover\":true}'>\n\t\t\t<div id=\"mainSlider\">\n\t\t\t\t\t \n\t\t\t\t\t<div class=\"slide\" id=\"69d43b6d53bf2627\">\n\t\t\t\t\t\t<div class=\"img--holder\"\n\t\t\t\t\t\t\t\t\t\t\t\t\t\t  style=\"background-image: url(https:\/\/starservice.ro\/wp-content\/uploads\/2025\/04\/Black-for-text.png); min-height: 526px;\" ><\/div>\n\t\t\t\t\t\t<div class=\"slide-content center\">\n\t\t\t\t\t\t\t<div class=\"vert-wrap container\">\n\t\t\t\t\t\t\t\t<div class=\"vert\">\n\t\t\t\t\t\t\t\t\t<div class=\"container\">\n\t\t\t\t\t\t\t\t\t\t<h4 data-animation=\"zoomIn\" data-animation-delay=\"0.5s\">DACIA DUSTER<\/h4>\t\t\t\t\t\t\t\t\t<\/div>\n\t\t\t\t\t\t\t\t<\/div>\n\t\t\t\t\t\t\t<\/div>\n\t\t\t\t\t\t<\/div>\n\t\t\t\t\t<\/div>\n\t\t\t\t\t\n\t\t\t\t\t<div class=\"slide\" id=\"69d43b6d53eb9646\">\n\t\t\t\t\t\t<div class=\"img--holder\"\n\t\t\t\t\t\t\t\t\t\t\t\t\t\t  style=\"background-image: url(https:\/\/starservice.ro\/wp-content\/uploads\/2025\/04\/duster_0003_D2.png); min-height: 526px;\" ><\/div>\n\t\t\t\t\t\t<div class=\"slide-content center\">\n\t\t\t\t\t\t\t<div class=\"vert-wrap container\">\n\t\t\t\t\t\t\t\t<div class=\"vert\">\n\t\t\t\t\t\t\t\t\t<div class=\"container\">\n\t\t\t\t\t\t\t\t\t\t\t\t\t\t\t\t\t\t\t<\/div>\n\t\t\t\t\t\t\t\t<\/div>\n\t\t\t\t\t\t\t<\/div>\n\t\t\t\t\t\t<\/div>\n\t\t\t\t\t<\/div>\n\t\t\t\t\t\n\t\t\t\t\t<div class=\"slide\" id=\"69d43b6d54105886\">\n\t\t\t\t\t\t<div class=\"img--holder\"\n\t\t\t\t\t\t\t\t\t\t\t\t\t\t  style=\"background-image: url(https:\/\/starservice.ro\/wp-content\/uploads\/2025\/04\/duster_0002_D3.png); min-height: 526px;\" ><\/div>\n\t\t\t\t\t\t<div class=\"slide-content center\">\n\t\t\t\t\t\t\t<div class=\"vert-wrap container\">\n\t\t\t\t\t\t\t\t<div class=\"vert\">\n\t\t\t\t\t\t\t\t\t<div class=\"container\">\n\t\t\t\t\t\t\t\t\t\t\t\t\t\t\t\t\t\t\t<\/div>\n\t\t\t\t\t\t\t\t<\/div>\n\t\t\t\t\t\t\t<\/div>\n\t\t\t\t\t\t<\/div>\n\t\t\t\t\t<\/div>\n\t\t\t\t\t\n\t\t\t\t\t<div class=\"slide\" id=\"69d43b6d5431c960\">\n\t\t\t\t\t\t<div class=\"img--holder\"\n\t\t\t\t\t\t\t\t\t\t\t\t\t\t  style=\"background-image: url(https:\/\/starservice.ro\/wp-content\/uploads\/2025\/04\/duster_0001_D4.png); min-height: 526px;\" ><\/div>\n\t\t\t\t\t\t<div class=\"slide-content center\">\n\t\t\t\t\t\t\t<div class=\"vert-wrap container\">\n\t\t\t\t\t\t\t\t<div class=\"vert\">\n\t\t\t\t\t\t\t\t\t<div class=\"container\">\n\t\t\t\t\t\t\t\t\t\t\t\t\t\t\t\t\t\t\t<\/div>\n\t\t\t\t\t\t\t\t<\/div>\n\t\t\t\t\t\t\t<\/div>\n\t\t\t\t\t\t<\/div>\n\t\t\t\t\t<\/div>\n\t\t\t\t\t\n\t\t\t\t\t<div class=\"slide\" id=\"69d43b6d5454a223\">\n\t\t\t\t\t\t<div class=\"img--holder\"\n\t\t\t\t\t\t\t\t\t\t\t\t\t\t  style=\"background-image: url(https:\/\/starservice.ro\/wp-content\/uploads\/2025\/04\/duster_0000_D5.png); min-height: 526px;\" ><\/div>\n\t\t\t\t\t\t<div class=\"slide-content center\">\n\t\t\t\t\t\t\t<div class=\"vert-wrap container\">\n\t\t\t\t\t\t\t\t<div class=\"vert\">\n\t\t\t\t\t\t\t\t\t<div class=\"container\">\n\t\t\t\t\t\t\t\t\t\t\t\t\t\t\t\t\t\t\t<\/div>\n\t\t\t\t\t\t\t\t<\/div>\n\t\t\t\t\t\t\t<\/div>\n\t\t\t\t\t\t<\/div>\n\t\t\t\t\t<\/div>\n\t\t\t\t\t\t\t\t<\/div>\n\t\t\t\t<\/div>\n\t\t\t\t<\/div>\n\t\t\t\t<\/div>\n\t\t\t\t<div class=\"elementor-element elementor-element-66ec4f9 elementor-widget elementor-widget-about_us_1\" data-id=\"66ec4f9\" data-element_type=\"widget\" data-widget_type=\"about_us_1.default\">\n\t\t\t\t<div class=\"elementor-widget-container\">\n\t\t\t\n\t\t<div class=\"block\">\n\t\t\t<div class=\"container no-indent\">\n\t\t\t\t<div class=\"wrapper-parallax-left02\">\n\t\t\t\t\t<div class=\"col-img\">\n\t\t\t\t\t\t<img width=\"1280\" height=\"720\" src=\"https:\/\/starservice.ro\/wp-content\/uploads\/2025\/04\/DUSTER2.png\" class=\"attachment-full size-full\" alt=\"\" loading=\"lazy\" srcset=\"https:\/\/starservice.ro\/wp-content\/uploads\/2025\/04\/DUSTER2.png 1280w, https:\/\/starservice.ro\/wp-content\/uploads\/2025\/04\/DUSTER2-300x169.png 300w, https:\/\/starservice.ro\/wp-content\/uploads\/2025\/04\/DUSTER2-1024x576.png 1024w, https:\/\/starservice.ro\/wp-content\/uploads\/2025\/04\/DUSTER2-768x432.png 768w, https:\/\/starservice.ro\/wp-content\/uploads\/2025\/04\/DUSTER2-870x489.png 870w, https:\/\/starservice.ro\/wp-content\/uploads\/2025\/04\/DUSTER2-600x338.png 600w\" sizes=\"(max-width: 1280px) 100vw, 1280px\" \/>\t\t\t\t\t<\/div>\n\t\t\t\t\t<div class=\"col-description\">\n\t\t\t\t\t\t<div class=\"block-title text-left\">\n\t\t\t\t\t\t\t<h3 class=\"block-title__title\">\n\t\t\t\t\t\t\t<span style=\"font-family: DACIA\"> DACIA DUSTER <\/span>\t\t\t\t\t\t\t<\/h3>\n\t\t\t\t\t\t\t<div class=\"title-separator\"><\/div>\n\t\t\t\t\t\t<\/div>\n\t\t\t\t\t\t<span style=\"font-family: DACIA\">Dacia Duster merge mai departe: mai robust\u0103, mai\noutdoor, mai echipat\u0103. Te \u00eenso\u021be\u0219te cu succes oriunde,\nat\u00e2t \u00een activit\u0103\u021bile de fiecare zi c\u00e2t \u0219i \u00een ie\u0219irile \u00een\nnatur\u0103, datorit\u0103 echipamentelor noi cu care este\nechipat\u0103 \u0219i performan\u021belor sale 4x4 dovedite.\n\u00cen versiunea hibrid\u0103, este mai eco dec\u00e2t oric\u00e2nd.<\/span>\t\t\t\t\t<\/div>\n\t\t\t\t<\/div>\n\t\t\t\t<div class=\"divider-md\"><\/div>\n\t\t\t\t<div class=\"row\">\n\t\t\t\t\t\t\t\t\t<div class=\"col-md-4\">\n\t\t\t\t\t\t<h6 class=\"subtitle\"><span style=\"font-family: DACIA;\">SUV-UL ICONIC REDESENAT<\/h6>\n\t\t\t\t\t\t<span style=\"font-family: DACIA;\"> Dacia Duster \u00ee\u0219i continu\u0103 povestea de succes \u0219i \u00ee\u0219i\nafirm\u0103 versatilitatea prin designul iconic \u0219i abilit\u0103\u021bile\nexcelente de off-road. Protec\u021biile laterale \u0219i pasajele\nro\u021bilor din materialul special Starkle\u00ae accentueaz\u0103\ncaracterul puternic de SUV. Ultra practic pentru\naventurile tale, este echipat cu bare de pavilion\nmodulare.\n<\/span>\t\t\t\t\t<\/div>\n\t\t\t\t\t\t\t\t\t\t<div class=\"divider-md hidden-lg hidden-md\"><\/div>\n\t\t\t\t\t\t\t\t\t\t\t\t\t\t\t<div class=\"col-md-4\">\n\t\t\t\t\t\t<h6 class=\"subtitle\"><span style=\"font-family: DACIA;\">O NOU\u0102 EXPERIEN\u021a\u0102 LA INTERIOR<\/h6>\n\t\t\t\t\t\t<span style=\"font-family: DACIA;\"> Pentru interiorul SUV-ului s\u0103u emblematic, Dacia s-a\nconcentrat pe ergonomie, design \u0219i confort. \u0218oferul\nare la dispozi\u021bie un ecran central de 10,1\u201d, orientat\nc\u0103tre postul de condus pentru a fi u\u0219or accesibil.\nTabloul de bord digital de 7\u201d este personalizabil \u0219i\np\u0103streaz\u0103 vizibile informa\u021biile necesare \u00een timpul\ncondusului.\n<\/span>\t\t\t\t\t<\/div>\n\t\t\t\t\t\t\t\t\t\t<div class=\"divider-md hidden-lg hidden-md\"><\/div>\n\t\t\t\t\t\t\t\t\t\t\t\t\t\t\t<div class=\"col-md-4\">\n\t\t\t\t\t\t<h6 class=\"subtitle\"><span style=\"font-family: DACIA;\">UN VERITABIL OFF-ROADER<\/h6>\n\t\t\t\t\t\t<span style=\"font-family: DACIA;\"> \u00cen versiunea 4x4, Dacia Duster \u00ee\u021bi permite s\u0103 te descurci\ncu u\u0219urin\u021b\u0103 \u00een orice situa\u021bie, datorit\u0103 noului selector\npentru modurile de condus! Cu o gard\u0103 la sol m\u0103rit\u0103,\nde p\u00e2n\u0103 la 217 mm, un unghi de atac de p\u00e2n\u0103 la 31\u00b0 \u0219i\ncu materialele rezistente la zg\u00e2rieturi Starkle\u00ae, Dacia\nDuster demonstreaz\u0103 capacit\u0103\u021bi excelente de off-road.\n\n<\/span>\t\t\t\t\t<\/div>\n\t\t\t\t\t\t\t\t\t\t\t\t\t\t<\/div>\n\t\t\t<\/div>\n\t\t<\/div>\n\n\t\t\t\t\t<\/div>\n\t\t\t\t<\/div>\n\t\t\t\t<div class=\"elementor-element elementor-element-8e35e83 elementor-widget elementor-widget-about_us_1\" data-id=\"8e35e83\" data-element_type=\"widget\" data-widget_type=\"about_us_1.default\">\n\t\t\t\t<div class=\"elementor-widget-container\">\n\t\t\t\n\t\t<div class=\"block\">\n\t\t\t<div class=\"container no-indent\">\n\t\t\t\t<div class=\"wrapper-parallax-left02\">\n\t\t\t\t\t<div class=\"col-img\">\n\t\t\t\t\t\t<img width=\"1280\" height=\"720\" src=\"https:\/\/starservice.ro\/wp-content\/uploads\/2025\/04\/DUSTER1.png\" class=\"attachment-full size-full\" alt=\"\" loading=\"lazy\" srcset=\"https:\/\/starservice.ro\/wp-content\/uploads\/2025\/04\/DUSTER1.png 1280w, https:\/\/starservice.ro\/wp-content\/uploads\/2025\/04\/DUSTER1-300x169.png 300w, https:\/\/starservice.ro\/wp-content\/uploads\/2025\/04\/DUSTER1-1024x576.png 1024w, https:\/\/starservice.ro\/wp-content\/uploads\/2025\/04\/DUSTER1-768x432.png 768w, https:\/\/starservice.ro\/wp-content\/uploads\/2025\/04\/DUSTER1-870x489.png 870w, https:\/\/starservice.ro\/wp-content\/uploads\/2025\/04\/DUSTER1-600x338.png 600w\" sizes=\"(max-width: 1280px) 100vw, 1280px\" \/>\t\t\t\t\t<\/div>\n\t\t\t\t\t<div class=\"col-description\">\n\t\t\t\t\t\t<div class=\"block-title text-left\">\n\t\t\t\t\t\t\t<h3 class=\"block-title__title\">\n\t\t\t\t\t\t\t<span style=\"font-family: DACIA\">VARIANTA HIBRID DISPONIBIL\u0102<\/span>\t\t\t\t\t\t\t<\/h3>\n\t\t\t\t\t\t\t<div class=\"title-separator\"><\/div>\n\t\t\t\t\t\t<\/div>\n\t\t\t\t\t\t<span style=\"font-family: DACIA\">Dacia Duster este echipat\u0103 pentru prima dat\u0103 cu un\nmotor full hybrid cu o putere de 140CP.\nO versiune dinamic\u0103, f\u0103r\u0103 constr\u00e2ngeri de\nre\u00eenc\u0103rcare. Po\u021bi conduce p\u00e2n\u0103 la 80% \u00een mod\ncomplet electric \u00een mediul urban, reduc\u00e2nd astfel\nconsumul de carburant cu p\u00e2n\u0103 la 40%*. Acest motor\nhibrid este cuplat la o cutie de viteze automat\u0103\ninovatoare, f\u0103r\u0103 ambreiaj, pentru un confort superior\nla condus.<\/span>\t\t\t\t\t<\/div>\n\t\t\t\t<\/div>\n\t\t\t\t<div class=\"divider-md\"><\/div>\n\t\t\t\t<div class=\"row\">\n\t\t\t\t\t\t\t\t\t<div class=\"col-md-4\">\n\t\t\t\t\t\t<h6 class=\"subtitle\"><span style=\"font-family: DACIA;\">Versiuni<\/h6>\n\t\t\t\t\t\t<span style=\"font-family: DACIA;\">Dacia Duster este, de asemenea, disponibil \u00een\nversiunea ECO-G 100, motorizare bi-carburant,\nbenzin\u0103 \u0219i GPL, \u0219i \u00een versiunea TCe 130, cu motor pe\nbenzin\u0103, at\u00e2t \u00een variantele 4x2, c\u00e2t \u0219i 4x4, cu asisten\u021b\u0103\ndin partea unui sistem mild hybrid pentru optimizarea\nconsumului \u00een momentele cele mai solicitante din\npunct de vedere al consumului de energie.\n\n<\/span>\t\t\t\t\t<\/div>\n\t\t\t\t\t\t\t\t\t\t<div class=\"divider-md hidden-lg hidden-md\"><\/div>\n\t\t\t\t\t\t\t\t\t\t\t\t\t\t\t<div class=\"col-md-4\">\n\t\t\t\t\t\t<h6 class=\"subtitle\"><span style=\"font-family: DACIA;\">UN HABITACLU MAI DIGITAL \u0218I MAI CONECTAT<\/h6>\n\t\t\t\t\t\t<span style=\"font-family: DACIA;\">Dacia Duster \u00ee\u021bi simplific\u0103 via\u021ba de zi cu zi cu noul\nsistem multimedia Media Nav Live. Pe ecranul tactil\nmare, de 10,1\u201d, po\u021bi accesa naviga\u021bia cu cartografiere\n\u0219i trafic \u00een timp real*. \u00cen plus, ai la dispozi\u021bie replicare\nsmartphone f\u0103r\u0103 fir, compatibil\u0103 cu Android AutoTM \u0219i\nApple CarPlayTM. La bordul Dacia Duster po\u021bi beneficia\nde servicii practice conectate precum localizarea\nla distan\u021b\u0103 a vehiculului sau afi\u0219area informa\u021biilor\ncomputerului de bord \u00een aplica\u021bia MY Dacia, precum\n\u0219i de sistemul audio Arkamys\u00ae 3D cu 6 difuzoare,\npentru o ambian\u021b\u0103 sonor\u0103 mult mai pl\u0103cut\u0103.\u00a0\n\n\n<\/span>\t\t\t\t\t<\/div>\n\t\t\t\t\t\t\t\t\t\t<div class=\"divider-md hidden-lg hidden-md\"><\/div>\n\t\t\t\t\t\t\t\t\t\t\t\t\t\t\t<div class=\"col-md-4\">\n\t\t\t\t\t\t<h6 class=\"subtitle\"><span style=\"font-family: DACIA;\">NOUL SISTEM DE FIXARE YOUCLIP<\/h6>\n\t\t\t\t\t\t<span style=\"font-family: DACIA;\">Cu YouClip, ai cel mai inteligent sistem de fixare\nmultifunc\u021bional pentru accesorii. Acestea se fixeaz\u0103\ncu u\u0219urin\u021b\u0103 pe 4 p\u00e2n\u0103 la 6 elemente de fixare\ndistribuite \u00een habitaclu \u0219i portbagaj, plus 2 puncte\nsuplimentare \u00een spatele tetierelor - \u00een total po\u021bi avea\nmaxim 8 puncte de fixare YouClip. Pentru \u0219i mai mult\nconfort \u0219i eficien\u021b\u0103, un accesoriu uimitor YouClip 3\n\u00een 1 combin\u0103 un suport pentru pahar, o lamp\u0103 \u0219i un\nc\u00e2rlig, fiecare dintre acestea put\u00e2nd fi deta\u0219at \u0219i\nutilizat \u00eentr-o loca\u021bie diferit\u0103 \u00een interiorul sau \u00een afara\nvehiculului.\n<\/span>\t\t\t\t\t<\/div>\n\t\t\t\t\t\t\t\t\t\t\t\t\t\t<\/div>\n\t\t\t<\/div>\n\t\t<\/div>\n\n\t\t\t\t\t<\/div>\n\t\t\t\t<\/div>\n\t\t\t\t<div class=\"elementor-element elementor-element-7550471 elementor-align-center elementor-mobile-align-center elementor-widget elementor-widget-button\" data-id=\"7550471\" data-element_type=\"widget\" data-settings=\"{&quot;_animation&quot;:&quot;none&quot;,&quot;_animation_tablet&quot;:&quot;none&quot;}\" data-widget_type=\"button.default\">\n\t\t\t\t<div class=\"elementor-widget-container\">\n\t\t\t\t\t<div class=\"elementor-button-wrapper\">\n\t\t\t<a href=\"https:\/\/starservice.ro\/wp-content\/uploads\/2025\/04\/dacia-duster-brosura.pdf\" target=\"_blank\" class=\"elementor-button-link elementor-button elementor-size-sm\" role=\"button\">\n\t\t\t\t\t\t<span class=\"elementor-button-content-wrapper\">\n\t\t\t\t\t\t\t<span class=\"elementor-button-icon elementor-align-icon-left\">\n\t\t\t\t<i aria-hidden=\"true\" class=\"far fa-arrow-alt-circle-down\"><\/i>\t\t\t<\/span>\n\t\t\t\t\t\t<span class=\"elementor-button-text\">Descarc\u0103 PDF<\/span>\n\t\t<\/span>\n\t\t\t\t\t<\/a>\n\t\t<\/div>\n\t\t\t\t<\/div>\n\t\t\t\t<\/div>\n\t\t\t\t<div class=\"elementor-element elementor-element-8406e94 elementor-align-left elementor-mobile-align-center elementor-widget elementor-widget-button\" data-id=\"8406e94\" data-element_type=\"widget\" data-settings=\"{&quot;_animation&quot;:&quot;none&quot;,&quot;_animation_tablet&quot;:&quot;none&quot;}\" data-widget_type=\"button.default\">\n\t\t\t\t<div class=\"elementor-widget-container\">\n\t\t\t\t\t<div class=\"elementor-button-wrapper\">\n\t\t\t<a href=\"https:\/\/starservice.ro\/?page_id=2942\" class=\"elementor-button-link elementor-button elementor-size-sm\" role=\"button\">\n\t\t\t\t\t\t<span class=\"elementor-button-content-wrapper\">\n\t\t\t\t\t\t\t<span class=\"elementor-button-icon elementor-align-icon-left\">\n\t\t\t\t<i aria-hidden=\"true\" class=\"far fa-arrow-alt-circle-left\"><\/i>\t\t\t<\/span>\n\t\t\t\t\t\t<span class=\"elementor-button-text\">\u00cenapoi la pagina principal\u0103<\/span>\n\t\t<\/span>\n\t\t\t\t\t<\/a>\n\t\t<\/div>\n\t\t\t\t<\/div>\n\t\t\t\t<\/div>\n\t\t\t\t\t<\/div>\n\t\t<\/div>\n\t\t\t\t\t\t\t<\/div>\n\t\t<\/section>\n\t\t\t\t<section class=\"elementor-section elementor-top-section elementor-element elementor-element-4c44883 elementor-section-boxed elementor-section-height-default elementor-section-height-default\" data-id=\"4c44883\" data-element_type=\"section\">\n\t\t\t\t\t\t<div class=\"elementor-container elementor-column-gap-default\">\n\t\t\t\t\t<div class=\"elementor-column elementor-col-100 elementor-top-column elementor-element elementor-element-8b2aa31\" data-id=\"8b2aa31\" data-element_type=\"column\">\n\t\t\t<div class=\"elementor-widget-wrap elementor-element-populated\">\n\t\t\t\t\t\t\t\t<div class=\"elementor-element elementor-element-77a4b76 elementor-widget elementor-widget-appointment_schedule\" data-id=\"77a4b76\" data-element_type=\"widget\" data-widget_type=\"appointment_schedule.default\">\n\t\t\t\t<div class=\"elementor-widget-container\">\n\t\t\t\n<div class=\"block \">\n\n  <div class=\"container position-relative\">\n\t<div class=\"section__text-background text-color02 text-center text-background__center\">\n\t\t\tPromo\u021bii<\/div>\n\t<div class=\"row\">\n\t  <div class=\"col-md-6\">\n\t\t<div class=\"text-appointment\">\n\t\t  <h2 class=\"h-lg\"><\/h2>\n\t\t  <p class=\"info\">STAR Service Dealer Auto pentru m\u0103rcile DACIA \/ RENAULT<\/p>\n\t\t  <h2 class=\"h-phone\">Tel: 0240 531 215<\/h2>\n\t\t  <div>\n\n\t\t\t\t\t\t<a class=\"btn btn-border btn-invert\"\n\t\t\t  href=\"https:\/\/starservice.ro\/?page_id=225\"><span>Vezi OFERTA<\/span><\/a>\n\t\t\t\t\t  <\/div>\n\t\t<\/div>\n\t  <\/div>\n\t  <div class=\"col-md-6\">\n\t\t<div class=\"img-move animation animated fadeInRight\" data-animation=\"fadeInRight\" data-animation-delay=\"0s\">\n\t\t\t<img width=\"667\" height=\"375\" src=\"https:\/\/starservice.ro\/wp-content\/uploads\/2021\/02\/noul_logan_.png\" class=\"attachment-full size-full\" alt=\"\" loading=\"lazy\" srcset=\"https:\/\/starservice.ro\/wp-content\/uploads\/2021\/02\/noul_logan_.png 667w, https:\/\/starservice.ro\/wp-content\/uploads\/2021\/02\/noul_logan_-300x169.png 300w, https:\/\/starservice.ro\/wp-content\/uploads\/2021\/02\/noul_logan_-600x337.png 600w\" sizes=\"(max-width: 667px) 100vw, 667px\" \/>\t\t<\/div>\n\t  <\/div>\n\t<\/div>\n  <\/div>\n<\/div>\n\t\t\t\t\t<\/div>\n\t\t\t\t<\/div>\n\t\t\t\t\t<\/div>\n\t\t<\/div>\n\t\t\t\t\t\t\t<\/div>\n\t\t<\/section>\n\t\t\t\t\t\t\t<\/div>\n\t\t","protected":false},"excerpt":{"rendered":"<p>DACIA DUSTER DACIA DUSTER Dacia Duster merge mai departe: mai robust\u0103, mai outdoor, mai echipat\u0103. Te \u00eenso\u021be\u0219te cu succes oriunde, at\u00e2t \u00een activit\u0103\u021bile de fiecare zi c\u00e2t \u0219i \u00een ie\u0219irile \u00een natur\u0103, datorit\u0103 echipamentelor noi cu care este echipat\u0103 \u0219i performan\u021belor sale 4&#215;4 dovedite. \u00cen versiunea hibrid\u0103, este mai eco dec\u00e2t oric\u00e2nd. SUV-UL ICONIC REDESENAT [&hellip;]<\/p>\n","protected":false},"author":1,"featured_media":0,"parent":0,"menu_order":0,"comment_status":"closed","ping_status":"closed","template":"","meta":[],"_links":{"self":[{"href":"https:\/\/starservice.ro\/index.php?rest_route=\/wp\/v2\/pages\/4419"}],"collection":[{"href":"https:\/\/starservice.ro\/index.php?rest_route=\/wp\/v2\/pages"}],"about":[{"href":"https:\/\/starservice.ro\/index.php?rest_route=\/wp\/v2\/types\/page"}],"author":[{"embeddable":true,"href":"https:\/\/starservice.ro\/index.php?rest_route=\/wp\/v2\/users\/1"}],"replies":[{"embeddable":true,"href":"https:\/\/starservice.ro\/index.php?rest_route=%2Fwp%2Fv2%2Fcomments&post=4419"}],"version-history":[{"count":28,"href":"https:\/\/starservice.ro\/index.php?rest_route=\/wp\/v2\/pages\/4419\/revisions"}],"predecessor-version":[{"id":4457,"href":"https:\/\/starservice.ro\/index.php?rest_route=\/wp\/v2\/pages\/4419\/revisions\/4457"}],"wp:attachment":[{"href":"https:\/\/starservice.ro\/index.php?rest_route=%2Fwp%2Fv2%2Fmedia&parent=4419"}],"curies":[{"name":"wp","href":"https:\/\/api.w.org\/{rel}","templated":true}]}}