{"id":4469,"date":"2025-04-10T14:33:38","date_gmt":"2025-04-10T11:33:38","guid":{"rendered":"https:\/\/starservice.ro\/?page_id=4469"},"modified":"2025-04-10T14:47:16","modified_gmt":"2025-04-10T11:47:16","slug":"dacia-spring","status":"publish","type":"page","link":"https:\/\/starservice.ro\/?page_id=4469","title":{"rendered":"SPRING"},"content":{"rendered":"\t\t<div data-elementor-type=\"wp-page\" data-elementor-id=\"4469\" class=\"elementor elementor-4469\">\n\t\t\t\t\t\t\t\t\t<section class=\"elementor-section elementor-top-section elementor-element elementor-element-cef3218 elementor-section-stretched elementor-section-full_width elementor-section-height-default elementor-section-height-default\" data-id=\"cef3218\" data-element_type=\"section\" data-settings=\"{&quot;stretch_section&quot;:&quot;section-stretched&quot;}\">\n\t\t\t\t\t\t<div class=\"elementor-container elementor-column-gap-no\">\n\t\t\t\t\t<div class=\"elementor-column elementor-col-100 elementor-top-column elementor-element elementor-element-45c630c\" data-id=\"45c630c\" data-element_type=\"column\">\n\t\t\t<div class=\"elementor-widget-wrap elementor-element-populated\">\n\t\t\t\t\t\t\t\t<div class=\"elementor-element elementor-element-19221b2 elementor-widget elementor-widget-image\" data-id=\"19221b2\" data-element_type=\"widget\" data-widget_type=\"image.default\">\n\t\t\t\t<div class=\"elementor-widget-container\">\n\t\t\t\t\t\t\t\t\t\t\t\t\t\t\t<img width=\"1024\" height=\"131\" src=\"https:\/\/starservice.ro\/wp-content\/uploads\/2025\/04\/dacia-logo-1024x131-1.png\" class=\"attachment-full size-full\" alt=\"\" loading=\"lazy\" srcset=\"https:\/\/starservice.ro\/wp-content\/uploads\/2025\/04\/dacia-logo-1024x131-1.png 1024w, https:\/\/starservice.ro\/wp-content\/uploads\/2025\/04\/dacia-logo-1024x131-1-300x38.png 300w, https:\/\/starservice.ro\/wp-content\/uploads\/2025\/04\/dacia-logo-1024x131-1-768x98.png 768w, https:\/\/starservice.ro\/wp-content\/uploads\/2025\/04\/dacia-logo-1024x131-1-870x111.png 870w, https:\/\/starservice.ro\/wp-content\/uploads\/2025\/04\/dacia-logo-1024x131-1-600x77.png 600w\" sizes=\"(max-width: 1024px) 100vw, 1024px\" \/>\t\t\t\t\t\t\t\t\t\t\t\t\t\t\t<\/div>\n\t\t\t\t<\/div>\n\t\t\t\t<div class=\"elementor-element elementor-element-827fa6b elementor-widget elementor-widget-csr_slickslider\" data-id=\"827fa6b\" data-element_type=\"widget\" data-settings=\"{&quot;autoplay_speed&quot;:2000,&quot;speed&quot;:500}\" data-widget_type=\"csr_slickslider.default\">\n\t\t\t\t<div class=\"elementor-widget-container\">\n\t\t\t\t\t<div id=\"mainSliderWrapper\" data-slickslider='{\"autoplay\":true,\"autoplay_speed\":2000,\"arrows\":false,\"dots\":true,\"fade\":true,\"speed\":500,\"pause_on_hover\":true,\"pause_on_dots_hover\":true}'>\n\t\t\t<div id=\"mainSlider\">\n\t\t\t\t\t \n\t\t\t\t\t<div class=\"slide\" id=\"69d43ae6d150f419\">\n\t\t\t\t\t\t<div class=\"img--holder\"\n\t\t\t\t\t\t\t\t\t\t\t\t\t\t  style=\"background-image: url(https:\/\/starservice.ro\/wp-content\/uploads\/2025\/04\/Black-for-text.png); min-height: 526px;\" ><\/div>\n\t\t\t\t\t\t<div class=\"slide-content center\">\n\t\t\t\t\t\t\t<div class=\"vert-wrap container\">\n\t\t\t\t\t\t\t\t<div class=\"vert\">\n\t\t\t\t\t\t\t\t\t<div class=\"container\">\n\t\t\t\t\t\t\t\t\t\t<h4 data-animation=\"zoomIn\" data-animation-delay=\"0.5s\">DACIA SPRING<\/h4>\t\t\t\t\t\t\t\t\t<\/div>\n\t\t\t\t\t\t\t\t<\/div>\n\t\t\t\t\t\t\t<\/div>\n\t\t\t\t\t\t<\/div>\n\t\t\t\t\t<\/div>\n\t\t\t\t\t\n\t\t\t\t\t<div class=\"slide\" id=\"69d43ae6d180a952\">\n\t\t\t\t\t\t<div class=\"img--holder\"\n\t\t\t\t\t\t\t\t\t\t\t\t\t\t  style=\"background-image: url(https:\/\/starservice.ro\/wp-content\/uploads\/2025\/04\/Spring_0000_SP4.png); min-height: 526px;\" ><\/div>\n\t\t\t\t\t\t<div class=\"slide-content center\">\n\t\t\t\t\t\t\t<div class=\"vert-wrap container\">\n\t\t\t\t\t\t\t\t<div class=\"vert\">\n\t\t\t\t\t\t\t\t\t<div class=\"container\">\n\t\t\t\t\t\t\t\t\t\t\t\t\t\t\t\t\t\t\t<\/div>\n\t\t\t\t\t\t\t\t<\/div>\n\t\t\t\t\t\t\t<\/div>\n\t\t\t\t\t\t<\/div>\n\t\t\t\t\t<\/div>\n\t\t\t\t\t\n\t\t\t\t\t<div class=\"slide\" id=\"69d43ae6d1bd0207\">\n\t\t\t\t\t\t<div class=\"img--holder\"\n\t\t\t\t\t\t\t\t\t\t\t\t\t\t  style=\"background-image: url(https:\/\/starservice.ro\/wp-content\/uploads\/2025\/04\/Spring_0001_SP3.png); min-height: 526px;\" ><\/div>\n\t\t\t\t\t\t<div class=\"slide-content center\">\n\t\t\t\t\t\t\t<div class=\"vert-wrap container\">\n\t\t\t\t\t\t\t\t<div class=\"vert\">\n\t\t\t\t\t\t\t\t\t<div class=\"container\">\n\t\t\t\t\t\t\t\t\t\t\t\t\t\t\t\t\t\t\t<\/div>\n\t\t\t\t\t\t\t\t<\/div>\n\t\t\t\t\t\t\t<\/div>\n\t\t\t\t\t\t<\/div>\n\t\t\t\t\t<\/div>\n\t\t\t\t\t\n\t\t\t\t\t<div class=\"slide\" id=\"69d43ae6d1dbc366\">\n\t\t\t\t\t\t<div class=\"img--holder\"\n\t\t\t\t\t\t\t\t\t\t\t\t\t\t  style=\"background-image: url(https:\/\/starservice.ro\/wp-content\/uploads\/2025\/04\/Spring_0002_SP2.png); min-height: 526px;\" ><\/div>\n\t\t\t\t\t\t<div class=\"slide-content center\">\n\t\t\t\t\t\t\t<div class=\"vert-wrap container\">\n\t\t\t\t\t\t\t\t<div class=\"vert\">\n\t\t\t\t\t\t\t\t\t<div class=\"container\">\n\t\t\t\t\t\t\t\t\t\t\t\t\t\t\t\t\t\t\t<\/div>\n\t\t\t\t\t\t\t\t<\/div>\n\t\t\t\t\t\t\t<\/div>\n\t\t\t\t\t\t<\/div>\n\t\t\t\t\t<\/div>\n\t\t\t\t\t\n\t\t\t\t\t<div class=\"slide\" id=\"69d43ae6d1fab482\">\n\t\t\t\t\t\t<div class=\"img--holder\"\n\t\t\t\t\t\t\t\t\t\t\t\t\t\t  style=\"background-image: url(https:\/\/starservice.ro\/wp-content\/uploads\/2025\/04\/Spring_0003_SP1.png); min-height: 526px;\" ><\/div>\n\t\t\t\t\t\t<div class=\"slide-content center\">\n\t\t\t\t\t\t\t<div class=\"vert-wrap container\">\n\t\t\t\t\t\t\t\t<div class=\"vert\">\n\t\t\t\t\t\t\t\t\t<div class=\"container\">\n\t\t\t\t\t\t\t\t\t\t\t\t\t\t\t\t\t\t\t<\/div>\n\t\t\t\t\t\t\t\t<\/div>\n\t\t\t\t\t\t\t<\/div>\n\t\t\t\t\t\t<\/div>\n\t\t\t\t\t<\/div>\n\t\t\t\t\t\t\t\t<\/div>\n\t\t\t\t<\/div>\n\t\t\t\t<\/div>\n\t\t\t\t<\/div>\n\t\t\t\t<div class=\"elementor-element elementor-element-66ec4f9 elementor-widget elementor-widget-about_us_1\" data-id=\"66ec4f9\" data-element_type=\"widget\" data-widget_type=\"about_us_1.default\">\n\t\t\t\t<div class=\"elementor-widget-container\">\n\t\t\t\n\t\t<div class=\"block\">\n\t\t\t<div class=\"container no-indent\">\n\t\t\t\t<div class=\"wrapper-parallax-left02\">\n\t\t\t\t\t<div class=\"col-img\">\n\t\t\t\t\t\t<img width=\"1280\" height=\"720\" src=\"https:\/\/starservice.ro\/wp-content\/uploads\/2025\/04\/SPRING1.png\" class=\"attachment-full size-full\" alt=\"\" loading=\"lazy\" srcset=\"https:\/\/starservice.ro\/wp-content\/uploads\/2025\/04\/SPRING1.png 1280w, https:\/\/starservice.ro\/wp-content\/uploads\/2025\/04\/SPRING1-300x169.png 300w, https:\/\/starservice.ro\/wp-content\/uploads\/2025\/04\/SPRING1-1024x576.png 1024w, https:\/\/starservice.ro\/wp-content\/uploads\/2025\/04\/SPRING1-768x432.png 768w, https:\/\/starservice.ro\/wp-content\/uploads\/2025\/04\/SPRING1-870x489.png 870w, https:\/\/starservice.ro\/wp-content\/uploads\/2025\/04\/SPRING1-600x338.png 600w\" sizes=\"(max-width: 1280px) 100vw, 1280px\" \/>\t\t\t\t\t<\/div>\n\t\t\t\t\t<div class=\"col-description\">\n\t\t\t\t\t\t<div class=\"block-title text-left\">\n\t\t\t\t\t\t\t<h3 class=\"block-title__title\">\n\t\t\t\t\t\t\t<span style=\"font-family: DACIA\"> DACIA SPRING <\/span>\t\t\t\t\t\t\t<\/h3>\n\t\t\t\t\t\t\t<div class=\"title-separator\"><\/div>\n\t\t\t\t\t\t<\/div>\n\t\t\t\t\t\t<span style=\"font-family: DACIA\">Restilizat\u0103, conectat\u0103, Noua Dacia Spring 100%\nelectric\u0103 este \u0219i mai primitoare cu noul s\u0103u design\nmodern \u0219i robust, cu interiorul spa\u021bios \u0219i inteligent.\nConceput\u0103 pentru via\u021ba real\u0103, reune\u0219te mai mult ca\noric\u00e2nd toate atuurile pentru a te seduce.<\/span>\t\t\t\t\t<\/div>\n\t\t\t\t<\/div>\n\t\t\t\t<div class=\"divider-md\"><\/div>\n\t\t\t\t<div class=\"row\">\n\t\t\t\t\t\t\t\t\t<div class=\"col-md-4\">\n\t\t\t\t\t\t<h6 class=\"subtitle\"><span style=\"font-family: DACIA;\">REDESENAT, RESTILIZAT, IREZISTIBIL<\/h6>\n\t\t\t\t\t\t<span style=\"font-family: DACIA;\">Cu un aspect nou \u0219i un interior complet redesenat,\nmodelul electric marca Dacia face din nou senza\u021bie,\nr\u0103m\u00e2n\u00e2nd la fel de accesibil. Mai robust \u0219i mai stilat,\naspectul s\u0103u de crossover compact iese \u00een eviden\u021b\u0103\n\u0219i se afirm\u0103 din orice unghi, datorit\u0103 gardei la sol\n\u00een\u0103l\u021bate, a aripilor \u0219i grilei ranforsate, precum \u0219i\nnoilor jante de 15\u201d.\n\n<\/span>\t\t\t\t\t<\/div>\n\t\t\t\t\t\t\t\t\t\t<div class=\"divider-md hidden-lg hidden-md\"><\/div>\n\t\t\t\t\t\t\t\t\t\t\t\t\t\t\t<div class=\"col-md-4\">\n\t\t\t\t\t\t<h6 class=\"subtitle\"><span style=\"font-family: DACIA;\">O NOU\u0102 AMBIAN\u021a\u0102 INTERIOAR\u0102<\/h6>\n\t\t\t\t\t\t<span style=\"font-family: DACIA;\"> Designul interior este complet redesenat, pe\nprincipii ce \u021bin de ergonomie, estetic\u0103 \u0219i calitate\nperceput\u0103. Elementele colorate \u0219i pictogramele de\ncontrol iluminate adaug\u0103 o not\u0103 de modernitate.\nDesignul func\u021bional al bordului este structurat \u00een\njurul ecranului multimedia de 10.1\u201d \u0219i al noului\ncluster digital de 7\u201d pe care sunt afi\u0219ate toate\ninforma\u021biile despre vehicul. Selectorul de viteze\nnou, volanul reglabil pe \u00een\u0103l\u021bime nou, tapi\u021beria sunt\ndetalii importante pentru un stil \u0219i mai distinctiv.\n\n<\/span>\t\t\t\t\t<\/div>\n\t\t\t\t\t\t\t\t\t\t<div class=\"divider-md hidden-lg hidden-md\"><\/div>\n\t\t\t\t\t\t\t\t\t\t\t\t\t\t\t<div class=\"col-md-4\">\n\t\t\t\t\t\t<h6 class=\"subtitle\"><span style=\"font-family: DACIA;\">FLUIDITATE \u0218I DINAMISM<\/h6>\n\t\t\t\t\t\t<span style=\"font-family: DACIA;\">Condusul silen\u021bios \u0219i fluent face ca mobilitatea\nelectric\u0103 s\u0103 fie la \u00eendem\u00e2na tuturor cu noua Dacia\nSpring. Din oferta sa de motoare duale, \u00eel alegi pe cel\ncare \u021bi se potrive\u0219te cel mai bine.\n<\/span>\t\t\t\t\t<\/div>\n\t\t\t\t\t\t\t\t\t\t\t\t\t\t<\/div>\n\t\t\t<\/div>\n\t\t<\/div>\n\n\t\t\t\t\t<\/div>\n\t\t\t\t<\/div>\n\t\t\t\t<div class=\"elementor-element elementor-element-8e35e83 elementor-widget elementor-widget-about_us_1\" data-id=\"8e35e83\" data-element_type=\"widget\" data-widget_type=\"about_us_1.default\">\n\t\t\t\t<div class=\"elementor-widget-container\">\n\t\t\t\n\t\t<div class=\"block\">\n\t\t\t<div class=\"container no-indent\">\n\t\t\t\t<div class=\"wrapper-parallax-left02\">\n\t\t\t\t\t<div class=\"col-img\">\n\t\t\t\t\t\t<img width=\"2560\" height=\"1440\" src=\"https:\/\/starservice.ro\/wp-content\/uploads\/2025\/04\/SPRING2.png\" class=\"attachment-full size-full\" alt=\"\" loading=\"lazy\" srcset=\"https:\/\/starservice.ro\/wp-content\/uploads\/2025\/04\/SPRING2.png 2560w, https:\/\/starservice.ro\/wp-content\/uploads\/2025\/04\/SPRING2-300x169.png 300w, https:\/\/starservice.ro\/wp-content\/uploads\/2025\/04\/SPRING2-1024x576.png 1024w, https:\/\/starservice.ro\/wp-content\/uploads\/2025\/04\/SPRING2-768x432.png 768w, https:\/\/starservice.ro\/wp-content\/uploads\/2025\/04\/SPRING2-1536x864.png 1536w, https:\/\/starservice.ro\/wp-content\/uploads\/2025\/04\/SPRING2-2048x1152.png 2048w, https:\/\/starservice.ro\/wp-content\/uploads\/2025\/04\/SPRING2-870x489.png 870w, https:\/\/starservice.ro\/wp-content\/uploads\/2025\/04\/SPRING2-600x338.png 600w\" sizes=\"(max-width: 2560px) 100vw, 2560px\" \/>\t\t\t\t\t<\/div>\n\t\t\t\t\t<div class=\"col-description\">\n\t\t\t\t\t\t<div class=\"block-title text-left\">\n\t\t\t\t\t\t\t<h3 class=\"block-title__title\">\n\t\t\t\t\t\t\t<span style=\"font-family: DACIA\">100% ELECTRIC<\/span>\t\t\t\t\t\t\t<\/h3>\n\t\t\t\t\t\t\t<div class=\"title-separator\"><\/div>\n\t\t\t\t\t\t<\/div>\n\t\t\t\t\t\t<span style=\"font-family: DACIA\">\u00cen ceea ce prive\u0219te performan\u021ba, po\u021bi conduce mai\nmult de 220 km* \u00een ciclul combinat sau mai mult\nde 300 km* \u00een ciclul urban, f\u0103r\u0103 a avea nevoie de\nre\u00eenc\u0103rcare sau po\u021bi s\u0103 m\u0103re\u0219ti autonomia de la\n20% la 80% \u00een 45 de minute cu \u00eenc\u0103rcarea rapid\u0103.\n\u201eModul B\u201d - noul mod de fr\u00e2nare regenerativ\u0103 -\nrecupereaz\u0103 energia atunci c\u00e2nd fr\u00e2nezi \u0219i face\ncondusul mai u\u0219or. De asemenea, po\u021bi profita de\ntehnologia de \u00eenc\u0103rcare V2L bidirec\u021bional\u0103 \u0219i s\u0103\nconectezi dispozitivele electrice de zi cu zi la noul\nt\u0103u Spring.<\/span>\t\t\t\t\t<\/div>\n\t\t\t\t<\/div>\n\t\t\t\t<div class=\"divider-md\"><\/div>\n\t\t\t\t<div class=\"row\">\n\t\t\t\t\t\t\t\t\t<div class=\"col-md-4\">\n\t\t\t\t\t\t<h6 class=\"subtitle\"><span style=\"font-family: DACIA;\">\u0218I MAI CONECTAT<\/h6>\n\t\t\t\t\t\t<span style=\"font-family: DACIA;\">\nDesignul func\u021bional al bordului este structurat \u00een\njurul ecranului multimedia de 10.1\u201d \u0219i al noului\ncluster digital de 7\u201d pe care sunt afi\u0219ate toate\ninforma\u021biile despre vehicul. Selectorul de viteze\nnou, volanul reglabil pe \u00een\u0103l\u021bime nou, tapi\u021beria sunt\ndetalii importante pentru un stil \u0219i mai distinctiv.\nVei conduce cu pl\u0103cere noul Spring datorit\u0103 noului\nsistem de naviga\u021bie integrat Media Nav Live.\n\n\n<\/span>\n\t\t\t\t\t<\/div>\n\t\t\t\t\t\t\t\t\t\t<div class=\"divider-md hidden-lg hidden-md\"><\/div>\n\t\t\t\t\t\t\t\t\t\t\t\t\t\t\t<div class=\"col-md-4\">\n\t\t\t\t\t\t<h6 class=\"subtitle\"><span style=\"font-family: DACIA;\">COMPACT\u0102 \u0218I SPA\u021aIOAS\u0102<\/h6>\n\t\t\t\t\t\t<span style=\"font-family: DACIA;\">Noua Dacia Spring este surprinz\u0103toare \u00een privin\u021ba\nspa\u021biului interior, oferind 4 locuri confortabile,\nprecum \u0219i spa\u021bii\/incinte de depozitare: p\u00e2n\u0103 la 32,7\nlitri pentru a depozita obiectele tale personale.\n\u0218i, pentru \u0219i mai multe posibilit\u0103\u021bi, o gam\u0103 larg\u0103 de\naccesorii, cum ar fi suporturi pentru pahare \u0219i un\nspa\u021biu de depozitare ingenios sub capot\u0103, care ofer\u0103\nun volum util suplimentar de 35 de litri.\n<\/span>\n\t\t\t\t\t<\/div>\n\t\t\t\t\t\t\t\t\t\t<div class=\"divider-md hidden-lg hidden-md\"><\/div>\n\t\t\t\t\t\t\t\t\t\t\t\t\t\t\t<div class=\"col-md-4\">\n\t\t\t\t\t\t<h6 class=\"subtitle\"><span style=\"font-family: DACIA;\">CONDU \u00ceN DEPLIN\u0102 SIGURAN\u021a\u0102<\/h6>\n\t\t\t\t\t\t<span style=\"font-family: DACIA;\">Noi sisteme de asisten\u021b\u0103 sunt disponibile pe noul\nSpring pentru a face condusul \u0219i mai u\u0219or \u0219i pentru\na \u00eembun\u0103t\u0103\u021bi continuu siguran\u021ba. Cu noul buton\nSiguran\u021ba mea, controlezi \u00een orice moment unele\ndintre aceste sisteme. Cu Dacia, conduci lini\u0219tit.<\/span>\n\t\t\t\t\t<\/div>\n\t\t\t\t\t\t\t\t\t\t\t\t\t\t<\/div>\n\t\t\t<\/div>\n\t\t<\/div>\n\n\t\t\t\t\t<\/div>\n\t\t\t\t<\/div>\n\t\t\t\t<div class=\"elementor-element elementor-element-7550471 elementor-align-center elementor-mobile-align-center elementor-widget elementor-widget-button\" data-id=\"7550471\" data-element_type=\"widget\" data-settings=\"{&quot;_animation&quot;:&quot;none&quot;,&quot;_animation_tablet&quot;:&quot;none&quot;}\" data-widget_type=\"button.default\">\n\t\t\t\t<div class=\"elementor-widget-container\">\n\t\t\t\t\t<div class=\"elementor-button-wrapper\">\n\t\t\t<a href=\"https:\/\/starservice.ro\/wp-content\/uploads\/2025\/04\/dacia-spring-brosura.pdf\" target=\"_blank\" class=\"elementor-button-link elementor-button elementor-size-sm\" role=\"button\">\n\t\t\t\t\t\t<span class=\"elementor-button-content-wrapper\">\n\t\t\t\t\t\t\t<span class=\"elementor-button-icon elementor-align-icon-left\">\n\t\t\t\t<i aria-hidden=\"true\" class=\"far fa-arrow-alt-circle-down\"><\/i>\t\t\t<\/span>\n\t\t\t\t\t\t<span class=\"elementor-button-text\">Descarc\u0103 PDF<\/span>\n\t\t<\/span>\n\t\t\t\t\t<\/a>\n\t\t<\/div>\n\t\t\t\t<\/div>\n\t\t\t\t<\/div>\n\t\t\t\t<div class=\"elementor-element elementor-element-8406e94 elementor-align-left elementor-mobile-align-center elementor-widget elementor-widget-button\" data-id=\"8406e94\" data-element_type=\"widget\" data-settings=\"{&quot;_animation&quot;:&quot;none&quot;,&quot;_animation_tablet&quot;:&quot;none&quot;}\" data-widget_type=\"button.default\">\n\t\t\t\t<div class=\"elementor-widget-container\">\n\t\t\t\t\t<div class=\"elementor-button-wrapper\">\n\t\t\t<a href=\"https:\/\/starservice.ro\/?page_id=2942\" class=\"elementor-button-link elementor-button elementor-size-sm\" role=\"button\">\n\t\t\t\t\t\t<span class=\"elementor-button-content-wrapper\">\n\t\t\t\t\t\t\t<span class=\"elementor-button-icon elementor-align-icon-left\">\n\t\t\t\t<i aria-hidden=\"true\" class=\"far fa-arrow-alt-circle-left\"><\/i>\t\t\t<\/span>\n\t\t\t\t\t\t<span class=\"elementor-button-text\">\u00cenapoi la pagina principal\u0103<\/span>\n\t\t<\/span>\n\t\t\t\t\t<\/a>\n\t\t<\/div>\n\t\t\t\t<\/div>\n\t\t\t\t<\/div>\n\t\t\t\t\t<\/div>\n\t\t<\/div>\n\t\t\t\t\t\t\t<\/div>\n\t\t<\/section>\n\t\t\t\t<section class=\"elementor-section elementor-top-section elementor-element elementor-element-4c44883 elementor-section-boxed elementor-section-height-default elementor-section-height-default\" data-id=\"4c44883\" data-element_type=\"section\">\n\t\t\t\t\t\t<div class=\"elementor-container elementor-column-gap-default\">\n\t\t\t\t\t<div class=\"elementor-column elementor-col-100 elementor-top-column elementor-element elementor-element-8b2aa31\" data-id=\"8b2aa31\" data-element_type=\"column\">\n\t\t\t<div class=\"elementor-widget-wrap elementor-element-populated\">\n\t\t\t\t\t\t\t\t<div class=\"elementor-element elementor-element-77a4b76 elementor-widget elementor-widget-appointment_schedule\" data-id=\"77a4b76\" data-element_type=\"widget\" data-widget_type=\"appointment_schedule.default\">\n\t\t\t\t<div class=\"elementor-widget-container\">\n\t\t\t\n<div class=\"block \">\n\n  <div class=\"container position-relative\">\n\t<div class=\"section__text-background text-color02 text-center text-background__center\">\n\t\t\tPromo\u021bii<\/div>\n\t<div class=\"row\">\n\t  <div class=\"col-md-6\">\n\t\t<div class=\"text-appointment\">\n\t\t  <h2 class=\"h-lg\"><\/h2>\n\t\t  <p class=\"info\">STAR Service Dealer Auto pentru m\u0103rcile DACIA \/ RENAULT<\/p>\n\t\t  <h2 class=\"h-phone\">Tel: 0240 531 215<\/h2>\n\t\t  <div>\n\n\t\t\t\t\t\t<a class=\"btn btn-border btn-invert\"\n\t\t\t  href=\"https:\/\/starservice.ro\/?page_id=225\"><span>Vezi OFERTA<\/span><\/a>\n\t\t\t\t\t  <\/div>\n\t\t<\/div>\n\t  <\/div>\n\t  <div class=\"col-md-6\">\n\t\t<div class=\"img-move animation animated fadeInRight\" data-animation=\"fadeInRight\" data-animation-delay=\"0s\">\n\t\t\t<img width=\"667\" height=\"375\" src=\"https:\/\/starservice.ro\/wp-content\/uploads\/2021\/02\/noul_logan_.png\" class=\"attachment-full size-full\" alt=\"\" loading=\"lazy\" srcset=\"https:\/\/starservice.ro\/wp-content\/uploads\/2021\/02\/noul_logan_.png 667w, https:\/\/starservice.ro\/wp-content\/uploads\/2021\/02\/noul_logan_-300x169.png 300w, https:\/\/starservice.ro\/wp-content\/uploads\/2021\/02\/noul_logan_-600x337.png 600w\" sizes=\"(max-width: 667px) 100vw, 667px\" \/>\t\t<\/div>\n\t  <\/div>\n\t<\/div>\n  <\/div>\n<\/div>\n\t\t\t\t\t<\/div>\n\t\t\t\t<\/div>\n\t\t\t\t\t<\/div>\n\t\t<\/div>\n\t\t\t\t\t\t\t<\/div>\n\t\t<\/section>\n\t\t\t\t\t\t\t<\/div>\n\t\t","protected":false},"excerpt":{"rendered":"<p>DACIA SPRING DACIA SPRING Restilizat\u0103, conectat\u0103, Noua Dacia Spring 100% electric\u0103 este \u0219i mai primitoare cu noul s\u0103u design modern \u0219i robust, cu interiorul spa\u021bios \u0219i inteligent. Conceput\u0103 pentru via\u021ba real\u0103, reune\u0219te mai mult ca oric\u00e2nd toate atuurile pentru a te seduce. REDESENAT, RESTILIZAT, IREZISTIBIL Cu un aspect nou \u0219i un interior complet redesenat, modelul [&hellip;]<\/p>\n","protected":false},"author":1,"featured_media":0,"parent":0,"menu_order":0,"comment_status":"closed","ping_status":"closed","template":"","meta":[],"_links":{"self":[{"href":"https:\/\/starservice.ro\/index.php?rest_route=\/wp\/v2\/pages\/4469"}],"collection":[{"href":"https:\/\/starservice.ro\/index.php?rest_route=\/wp\/v2\/pages"}],"about":[{"href":"https:\/\/starservice.ro\/index.php?rest_route=\/wp\/v2\/types\/page"}],"author":[{"embeddable":true,"href":"https:\/\/starservice.ro\/index.php?rest_route=\/wp\/v2\/users\/1"}],"replies":[{"embeddable":true,"href":"https:\/\/starservice.ro\/index.php?rest_route=%2Fwp%2Fv2%2Fcomments&post=4469"}],"version-history":[{"count":31,"href":"https:\/\/starservice.ro\/index.php?rest_route=\/wp\/v2\/pages\/4469\/revisions"}],"predecessor-version":[{"id":4502,"href":"https:\/\/starservice.ro\/index.php?rest_route=\/wp\/v2\/pages\/4469\/revisions\/4502"}],"wp:attachment":[{"href":"https:\/\/starservice.ro\/index.php?rest_route=%2Fwp%2Fv2%2Fmedia&parent=4469"}],"curies":[{"name":"wp","href":"https:\/\/api.w.org\/{rel}","templated":true}]}}