{"id":4516,"date":"2025-04-11T07:24:20","date_gmt":"2025-04-11T04:24:20","guid":{"rendered":"https:\/\/starservice.ro\/?page_id=4516"},"modified":"2025-04-11T08:49:19","modified_gmt":"2025-04-11T05:49:19","slug":"dacia-jogger-hybrid","status":"publish","type":"page","link":"https:\/\/starservice.ro\/?page_id=4516","title":{"rendered":"JOGGER Hybrid"},"content":{"rendered":"\t\t<div data-elementor-type=\"wp-page\" data-elementor-id=\"4516\" class=\"elementor elementor-4516\">\n\t\t\t\t\t\t\t\t\t<section class=\"elementor-section elementor-top-section elementor-element elementor-element-cef3218 elementor-section-stretched elementor-section-full_width elementor-section-height-default elementor-section-height-default\" data-id=\"cef3218\" data-element_type=\"section\" data-settings=\"{&quot;stretch_section&quot;:&quot;section-stretched&quot;}\">\n\t\t\t\t\t\t<div class=\"elementor-container elementor-column-gap-no\">\n\t\t\t\t\t<div class=\"elementor-column elementor-col-100 elementor-top-column elementor-element elementor-element-45c630c\" data-id=\"45c630c\" data-element_type=\"column\">\n\t\t\t<div class=\"elementor-widget-wrap elementor-element-populated\">\n\t\t\t\t\t\t\t\t<div class=\"elementor-element elementor-element-19221b2 elementor-widget elementor-widget-image\" data-id=\"19221b2\" data-element_type=\"widget\" data-widget_type=\"image.default\">\n\t\t\t\t<div class=\"elementor-widget-container\">\n\t\t\t\t\t\t\t\t\t\t\t\t\t\t\t<img width=\"1024\" height=\"131\" src=\"https:\/\/starservice.ro\/wp-content\/uploads\/2025\/04\/dacia-logo-1024x131-1.png\" class=\"attachment-full size-full\" alt=\"\" loading=\"lazy\" srcset=\"https:\/\/starservice.ro\/wp-content\/uploads\/2025\/04\/dacia-logo-1024x131-1.png 1024w, https:\/\/starservice.ro\/wp-content\/uploads\/2025\/04\/dacia-logo-1024x131-1-300x38.png 300w, https:\/\/starservice.ro\/wp-content\/uploads\/2025\/04\/dacia-logo-1024x131-1-768x98.png 768w, https:\/\/starservice.ro\/wp-content\/uploads\/2025\/04\/dacia-logo-1024x131-1-870x111.png 870w, https:\/\/starservice.ro\/wp-content\/uploads\/2025\/04\/dacia-logo-1024x131-1-600x77.png 600w\" sizes=\"(max-width: 1024px) 100vw, 1024px\" \/>\t\t\t\t\t\t\t\t\t\t\t\t\t\t\t<\/div>\n\t\t\t\t<\/div>\n\t\t\t\t<div class=\"elementor-element elementor-element-827fa6b elementor-widget elementor-widget-csr_slickslider\" data-id=\"827fa6b\" data-element_type=\"widget\" data-settings=\"{&quot;autoplay_speed&quot;:2000,&quot;speed&quot;:500}\" data-widget_type=\"csr_slickslider.default\">\n\t\t\t\t<div class=\"elementor-widget-container\">\n\t\t\t\t\t<div id=\"mainSliderWrapper\" data-slickslider='{\"autoplay\":true,\"autoplay_speed\":2000,\"arrows\":false,\"dots\":true,\"fade\":true,\"speed\":500,\"pause_on_hover\":true,\"pause_on_dots_hover\":true}'>\n\t\t\t<div id=\"mainSlider\">\n\t\t\t\t\t \n\t\t\t\t\t<div class=\"slide\" id=\"69d43a96809b357\">\n\t\t\t\t\t\t<div class=\"img--holder\"\n\t\t\t\t\t\t\t\t\t\t\t\t\t\t  style=\"background-image: url(https:\/\/starservice.ro\/wp-content\/uploads\/2025\/04\/Black-for-text.png); min-height: 526px;\" ><\/div>\n\t\t\t\t\t\t<div class=\"slide-content center\">\n\t\t\t\t\t\t\t<div class=\"vert-wrap container\">\n\t\t\t\t\t\t\t\t<div class=\"vert\">\n\t\t\t\t\t\t\t\t\t<div class=\"container\">\n\t\t\t\t\t\t\t\t\t\t<h4 data-animation=\"zoomIn\" data-animation-delay=\"0.5s\">DACIA JOGGER Hybrid<\/h4>\t\t\t\t\t\t\t\t\t<\/div>\n\t\t\t\t\t\t\t\t<\/div>\n\t\t\t\t\t\t\t<\/div>\n\t\t\t\t\t\t<\/div>\n\t\t\t\t\t<\/div>\n\t\t\t\t\t\n\t\t\t\t\t<div class=\"slide\" id=\"69d43a9680c68387\">\n\t\t\t\t\t\t<div class=\"img--holder\"\n\t\t\t\t\t\t\t\t\t\t\t\t\t\t  style=\"background-image: url(https:\/\/starservice.ro\/wp-content\/uploads\/2025\/04\/joggerH.png); min-height: 526px;\" ><\/div>\n\t\t\t\t\t\t<div class=\"slide-content center\">\n\t\t\t\t\t\t\t<div class=\"vert-wrap container\">\n\t\t\t\t\t\t\t\t<div class=\"vert\">\n\t\t\t\t\t\t\t\t\t<div class=\"container\">\n\t\t\t\t\t\t\t\t\t\t\t\t\t\t\t\t\t\t\t<\/div>\n\t\t\t\t\t\t\t\t<\/div>\n\t\t\t\t\t\t\t<\/div>\n\t\t\t\t\t\t<\/div>\n\t\t\t\t\t<\/div>\n\t\t\t\t\t\n\t\t\t\t\t<div class=\"slide\" id=\"69d43a9681140793\">\n\t\t\t\t\t\t<div class=\"img--holder\"\n\t\t\t\t\t\t\t\t\t\t\t\t\t\t  style=\"background-image: url(https:\/\/starservice.ro\/wp-content\/uploads\/2025\/04\/jogger_0002_J2.png); min-height: 526px;\" ><\/div>\n\t\t\t\t\t\t<div class=\"slide-content center\">\n\t\t\t\t\t\t\t<div class=\"vert-wrap container\">\n\t\t\t\t\t\t\t\t<div class=\"vert\">\n\t\t\t\t\t\t\t\t\t<div class=\"container\">\n\t\t\t\t\t\t\t\t\t\t\t\t\t\t\t\t\t\t\t<\/div>\n\t\t\t\t\t\t\t\t<\/div>\n\t\t\t\t\t\t\t<\/div>\n\t\t\t\t\t\t<\/div>\n\t\t\t\t\t<\/div>\n\t\t\t\t\t\n\t\t\t\t\t<div class=\"slide\" id=\"69d43a968135d774\">\n\t\t\t\t\t\t<div class=\"img--holder\"\n\t\t\t\t\t\t\t\t\t\t\t\t\t\t  style=\"background-image: url(https:\/\/starservice.ro\/wp-content\/uploads\/2025\/04\/jogger_0003_J1.png); min-height: 526px;\" ><\/div>\n\t\t\t\t\t\t<div class=\"slide-content center\">\n\t\t\t\t\t\t\t<div class=\"vert-wrap container\">\n\t\t\t\t\t\t\t\t<div class=\"vert\">\n\t\t\t\t\t\t\t\t\t<div class=\"container\">\n\t\t\t\t\t\t\t\t\t\t\t\t\t\t\t\t\t\t\t<\/div>\n\t\t\t\t\t\t\t\t<\/div>\n\t\t\t\t\t\t\t<\/div>\n\t\t\t\t\t\t<\/div>\n\t\t\t\t\t<\/div>\n\t\t\t\t\t\n\t\t\t\t\t<div class=\"slide\" id=\"69d43a9681526903\">\n\t\t\t\t\t\t<div class=\"img--holder\"\n\t\t\t\t\t\t\t\t\t\t\t\t\t\t  style=\"background-image: url(https:\/\/starservice.ro\/wp-content\/uploads\/2025\/04\/jogger_0000_J4.png); min-height: 526px;\" ><\/div>\n\t\t\t\t\t\t<div class=\"slide-content center\">\n\t\t\t\t\t\t\t<div class=\"vert-wrap container\">\n\t\t\t\t\t\t\t\t<div class=\"vert\">\n\t\t\t\t\t\t\t\t\t<div class=\"container\">\n\t\t\t\t\t\t\t\t\t\t\t\t\t\t\t\t\t\t\t<\/div>\n\t\t\t\t\t\t\t\t<\/div>\n\t\t\t\t\t\t\t<\/div>\n\t\t\t\t\t\t<\/div>\n\t\t\t\t\t<\/div>\n\t\t\t\t\t\t\t\t<\/div>\n\t\t\t\t<\/div>\n\t\t\t\t<\/div>\n\t\t\t\t<\/div>\n\t\t\t\t<div class=\"elementor-element elementor-element-66ec4f9 elementor-widget elementor-widget-about_us_1\" data-id=\"66ec4f9\" data-element_type=\"widget\" data-widget_type=\"about_us_1.default\">\n\t\t\t\t<div class=\"elementor-widget-container\">\n\t\t\t\n\t\t<div class=\"block\">\n\t\t\t<div class=\"container no-indent\">\n\t\t\t\t<div class=\"wrapper-parallax-left02\">\n\t\t\t\t\t<div class=\"col-img\">\n\t\t\t\t\t\t<img width=\"382\" height=\"230\" src=\"https:\/\/starservice.ro\/wp-content\/uploads\/2025\/04\/2023-noua-dacia-jogger-5-sau-7-locuri-.png\" class=\"attachment-full size-full\" alt=\"\" loading=\"lazy\" srcset=\"https:\/\/starservice.ro\/wp-content\/uploads\/2025\/04\/2023-noua-dacia-jogger-5-sau-7-locuri-.png 382w, https:\/\/starservice.ro\/wp-content\/uploads\/2025\/04\/2023-noua-dacia-jogger-5-sau-7-locuri--300x181.png 300w\" sizes=\"(max-width: 382px) 100vw, 382px\" \/>\t\t\t\t\t<\/div>\n\t\t\t\t\t<div class=\"col-description\">\n\t\t\t\t\t\t<div class=\"block-title text-left\">\n\t\t\t\t\t\t\t<h3 class=\"block-title__title\">\n\t\t\t\t\t\t\t<span style=\"font-family: DACIA\"> DACIA JOGGER Hybrid <\/span>\t\t\t\t\t\t\t<\/h3>\n\t\t\t\t\t\t\t<div class=\"title-separator\"><\/div>\n\t\t\t\t\t\t<\/div>\n\t\t\t\t\t\t<span style=\"font-family: DACIA\">Av\u00e2nd lungimea unui break, spa\u021biul interior al unui\nmonovolum \u0219i stilul robust al unui SUV \u2013 Dacia\nJogger reune\u0219te atuurile a 3 tipuri de caroserii \u00eentr-o\nma\u0219in\u0103 de familie cu 5 sau 7 locuri. Versatil, cu spirit\nde aventur\u0103 \u0219i accesibil, Jogger \u00eentruchipeaz\u0103 pe\ndeplin spiritul Dacia.<\/span>\t\t\t\t\t<\/div>\n\t\t\t\t<\/div>\n\t\t\t\t<div class=\"divider-md\"><\/div>\n\t\t\t\t<div class=\"row\">\n\t\t\t\t\t\t\t\t\t<div class=\"col-md-4\">\n\t\t\t\t\t\t<h6 class=\"subtitle\"><span style=\"font-family: DACIA;\">CONCEPUT\u0102 PENTRU AVENTUR\u0102<\/h6>\n\t\t\t\t\t\t<span style=\"font-family: DACIA;\">Cu o gard\u0103 la sol \u00een\u0103l\u021bat\u0103, pasaje de ro\u021bi reliefate,\nbare de plafon modulare - Dacia Jogger are un design\nrobust care se adapteaz\u0103 oric\u0103rui tip de drum, fiind\nideal\u0103 pentru o via\u021b\u0103 de familie plin\u0103 de ac\u021biune.\nTr\u0103ie\u0219te aventura la maxim cu echiparea EXTREME,\ncu un spirit \u0219i mai pronun\u021bat pentru escapade \u00een\nnatur\u0103: oglinzi Copper Brown, jante din aliaj \u0219i anten\u0103\nde tip aripioar\u0103 de rechin de culoare negru lucios.\n<\/span>\t\t\t\t\t<\/div>\n\t\t\t\t\t\t\t\t\t\t<div class=\"divider-md hidden-lg hidden-md\"><\/div>\n\t\t\t\t\t\t\t\t\t\t\t\t\t\t\t<div class=\"col-md-4\">\n\t\t\t\t\t\t<h6 class=\"subtitle\"><span style=\"font-family: DACIA;\">NU DOAR FUNC\u021aIONAL<\/h6>\n\t\t\t\t\t\t<span style=\"font-family: DACIA;\">Designul interior este at\u00e2t func\u021bional, c\u00e2t \u0219i\nconfortabil. Designul tabloului de bord lat\naccentueaz\u0103 impresia de spa\u021biu. Banda textil\u0103\ninserat\u0103 pe lungimea acestuia* confer\u0103 un aspect\nelegant \u0219i ordonat, facilit\u00e2nd citirea instrumentelor \u0219i\na ecranului multimedia de deasupra. Zona inferioar\u0103\nofer\u0103 acces u\u0219or la comenzile sistemului de aer\ncondi\u021bionat \u0219i de asisten\u021b\u0103 pentru \u0219ofer. Spatele\nma\u0219inii accentueaz\u0103 versatilitatea impresionant\u0103.\n<\/span>\t\t\t\t\t<\/div>\n\t\t\t\t\t\t\t\t\t\t<div class=\"divider-md hidden-lg hidden-md\"><\/div>\n\t\t\t\t\t\t\t\t\t\t\t\t\t\t\t<div class=\"col-md-4\">\n\t\t\t\t\t\t<h6 class=\"subtitle\"><span style=\"font-family: DACIA;\">100% ELEGANT<\/h6>\n\t\t\t\t\t\t<span style=\"font-family: DACIA;\">Pentru un stil 100% elegant \u0219i dinamic, opteaz\u0103\npentru noul nivel de echipare Extreme: material textil\nTEP MicroCloud lavabil, cu cus\u0103turi Copper Brown\n\u0219i emblem\u0103 Dacia \u00een relief, cu inser\u021bii Copper Brown\npe portierele fa\u021b\u0103, camer\u0103 video pentru mar\u0219arier,\nclimatizare, card m\u00e2ini-libere, covora\u0219e de cauciuc \u0219i\npraguri personalizate cu modele topografice. \n<\/span>\t\t\t\t\t<\/div>\n\t\t\t\t\t\t\t\t\t\t\t\t\t\t<\/div>\n\t\t\t<\/div>\n\t\t<\/div>\n\n\t\t\t\t\t<\/div>\n\t\t\t\t<\/div>\n\t\t\t\t<div class=\"elementor-element elementor-element-8e35e83 elementor-widget elementor-widget-about_us_1\" data-id=\"8e35e83\" data-element_type=\"widget\" data-widget_type=\"about_us_1.default\">\n\t\t\t\t<div class=\"elementor-widget-container\">\n\t\t\t\n\t\t<div class=\"block\">\n\t\t\t<div class=\"container no-indent\">\n\t\t\t\t<div class=\"wrapper-parallax-left02\">\n\t\t\t\t\t<div class=\"col-img\">\n\t\t\t\t\t\t<img width=\"1280\" height=\"720\" src=\"https:\/\/starservice.ro\/wp-content\/uploads\/2025\/04\/dacia-noul-jogger4.png\" class=\"attachment-full size-full\" alt=\"\" loading=\"lazy\" srcset=\"https:\/\/starservice.ro\/wp-content\/uploads\/2025\/04\/dacia-noul-jogger4.png 1280w, https:\/\/starservice.ro\/wp-content\/uploads\/2025\/04\/dacia-noul-jogger4-300x169.png 300w, https:\/\/starservice.ro\/wp-content\/uploads\/2025\/04\/dacia-noul-jogger4-1024x576.png 1024w, https:\/\/starservice.ro\/wp-content\/uploads\/2025\/04\/dacia-noul-jogger4-768x432.png 768w, https:\/\/starservice.ro\/wp-content\/uploads\/2025\/04\/dacia-noul-jogger4-870x489.png 870w, https:\/\/starservice.ro\/wp-content\/uploads\/2025\/04\/dacia-noul-jogger4-600x338.png 600w\" sizes=\"(max-width: 1280px) 100vw, 1280px\" \/>\t\t\t\t\t<\/div>\n\t\t\t\t\t<div class=\"col-description\">\n\t\t\t\t\t\t<div class=\"block-title text-left\">\n\t\t\t\t\t\t\t<h3 class=\"block-title__title\">\n\t\t\t\t\t\t\t<span style=\"font-family: DACIA\">Tehnologie hibrid\u0103 Dacia<\/span>\t\t\t\t\t\t\t<\/h3>\n\t\t\t\t\t\t\t<div class=\"title-separator\"><\/div>\n\t\t\t\t\t\t<\/div>\n\t\t\t\t\t\t<span style=\"font-family: DACIA\">\u00cenc\u0103 o dat\u0103, Dacia este \u00een ton cu vremurile \u0219i \u00ee\u021bi\nsimplific\u0103 via\u021ba de zi cu zi cu Jogger disponibil\ncu motorizare hibrid\u0103. O premier\u0103 pentru Dacia.\nRezultatul? Un vehicul hibrid de familie cu 5 sau 7\nlocuri la un pre\u021b accesibil.<\/span>\t\t\t\t\t<\/div>\n\t\t\t\t<\/div>\n\t\t\t\t<div class=\"divider-md\"><\/div>\n\t\t\t\t<div class=\"row\">\n\t\t\t\t\t\t\t\t\t<div class=\"col-md-4\">\n\t\t\t\t\t\t<h6 class=\"subtitle\"><span style=\"font-family: DACIA;\">MAI MULT\u0102 LIBERTATE CU MOTORIZAREA HYBRID<\/h6>\n\t\t\t\t\t\t<span style=\"font-family: DACIA;\">\nUit\u0103 de alimentare \u00een timp ce te bucuri de beneficiile\nelectricit\u0103\u021bii, datorit\u0103 modelului hibrid care se\nre\u00eencarc\u0103 \u00een timpul condusului. Tehnologia Dacia\nJogger HYBRID 140 combin\u0103 dinamismul unui motor\ntermic cu cel al unui motor electric. Po\u021bi conduce\np\u00e2n\u0103 la 80% din timp \u00een zonele urbane \u00een modul\nelectric \u0219i ob\u021bii economii de carburant de p\u00e2n\u0103 la\n30%<\/span>\n\t\t\t\t\t<\/div>\n\t\t\t\t\t\t\t\t\t\t<div class=\"divider-md hidden-lg hidden-md\"><\/div>\n\t\t\t\t\t\t\t\t\t\t\t\t\t\t\t<div class=\"col-md-4\">\n\t\t\t\t\t\t<h6 class=\"subtitle\"><span style=\"font-family: DACIA;\">BUCUR\u0102-TE DE C\u0102L\u0102TORII MAI PL\u0102CUTE<\/h6>\n\t\t\t\t\t\t<span style=\"font-family: DACIA;\">Mai mult spa\u021biu, mai mult\u0103 versatilitate, datorit\u0103\nunei abord\u0103ri unice a spa\u021biului: 23 de litri de spa\u021bii\nde depozitare \u0219i multiple configura\u021bii la bord pentru\ntoate nevoile tale. Trei pachete de echipamente\nmultimedia \u0219i sistem de asisten\u021b\u0103 de ultim\u0103\ngenera\u021bie pentru \u0219ofer.<\/span>\n\t\t\t\t\t<\/div>\n\t\t\t\t\t\t\t\t\t\t<div class=\"divider-md hidden-lg hidden-md\"><\/div>\n\t\t\t\t\t\t\t\t\t\t\t\t\t\t\t<div class=\"col-md-4\">\n\t\t\t\t\t\t<h6 class=\"subtitle\"><span style=\"font-family: DACIA;\">CONFORT X 7<\/h6>\n\t\t\t\t\t\t<span style=\"font-family: DACIA;\">Dacia Jogger se g\u00e2nde\u0219te la \u00eentreaga familie. Ia \u00een\nconsiderare nevoile fiec\u0103ruia, oferind acela\u0219i grad\nde confort pe toate r\u00e2ndurile. Scaunele sculptate,\nreglabile \u00een fa\u021b\u0103, promit c\u0103l\u0103torii f\u0103r\u0103 oboseal\u0103\npentru to\u021bi cei \u0219apte ocupan\u021bi. Jogger se distinge \u0219i\nprin detaliile bine g\u00e2ndite \u0219i spa\u021biul amplu.<\/span>\n\t\t\t\t\t<\/div>\n\t\t\t\t\t\t\t\t\t\t\t\t\t\t<\/div>\n\t\t\t<\/div>\n\t\t<\/div>\n\n\t\t\t\t\t<\/div>\n\t\t\t\t<\/div>\n\t\t\t\t<div class=\"elementor-element elementor-element-7550471 elementor-align-center elementor-mobile-align-center elementor-widget elementor-widget-button\" data-id=\"7550471\" data-element_type=\"widget\" data-settings=\"{&quot;_animation&quot;:&quot;none&quot;,&quot;_animation_tablet&quot;:&quot;none&quot;}\" data-widget_type=\"button.default\">\n\t\t\t\t<div class=\"elementor-widget-container\">\n\t\t\t\t\t<div class=\"elementor-button-wrapper\">\n\t\t\t<a href=\"https:\/\/starservice.ro\/wp-content\/uploads\/2025\/04\/dacia-jogger-brosura.pdf\" target=\"_blank\" class=\"elementor-button-link elementor-button elementor-size-sm\" role=\"button\">\n\t\t\t\t\t\t<span class=\"elementor-button-content-wrapper\">\n\t\t\t\t\t\t\t<span class=\"elementor-button-icon elementor-align-icon-left\">\n\t\t\t\t<i aria-hidden=\"true\" class=\"far fa-arrow-alt-circle-down\"><\/i>\t\t\t<\/span>\n\t\t\t\t\t\t<span class=\"elementor-button-text\">Descarc\u0103 PDF<\/span>\n\t\t<\/span>\n\t\t\t\t\t<\/a>\n\t\t<\/div>\n\t\t\t\t<\/div>\n\t\t\t\t<\/div>\n\t\t\t\t<div class=\"elementor-element elementor-element-8406e94 elementor-align-left elementor-mobile-align-center elementor-widget elementor-widget-button\" data-id=\"8406e94\" data-element_type=\"widget\" data-settings=\"{&quot;_animation&quot;:&quot;none&quot;,&quot;_animation_tablet&quot;:&quot;none&quot;}\" data-widget_type=\"button.default\">\n\t\t\t\t<div class=\"elementor-widget-container\">\n\t\t\t\t\t<div class=\"elementor-button-wrapper\">\n\t\t\t<a href=\"https:\/\/starservice.ro\/?page_id=2942\" class=\"elementor-button-link elementor-button elementor-size-sm\" role=\"button\">\n\t\t\t\t\t\t<span class=\"elementor-button-content-wrapper\">\n\t\t\t\t\t\t\t<span class=\"elementor-button-icon elementor-align-icon-left\">\n\t\t\t\t<i aria-hidden=\"true\" class=\"far fa-arrow-alt-circle-left\"><\/i>\t\t\t<\/span>\n\t\t\t\t\t\t<span class=\"elementor-button-text\">\u00cenapoi la pagina principal\u0103<\/span>\n\t\t<\/span>\n\t\t\t\t\t<\/a>\n\t\t<\/div>\n\t\t\t\t<\/div>\n\t\t\t\t<\/div>\n\t\t\t\t\t<\/div>\n\t\t<\/div>\n\t\t\t\t\t\t\t<\/div>\n\t\t<\/section>\n\t\t\t\t<section class=\"elementor-section elementor-top-section elementor-element elementor-element-4c44883 elementor-section-boxed elementor-section-height-default elementor-section-height-default\" data-id=\"4c44883\" data-element_type=\"section\">\n\t\t\t\t\t\t<div class=\"elementor-container elementor-column-gap-default\">\n\t\t\t\t\t<div class=\"elementor-column elementor-col-100 elementor-top-column elementor-element elementor-element-8b2aa31\" data-id=\"8b2aa31\" data-element_type=\"column\">\n\t\t\t<div class=\"elementor-widget-wrap elementor-element-populated\">\n\t\t\t\t\t\t\t\t<div class=\"elementor-element elementor-element-77a4b76 elementor-widget elementor-widget-appointment_schedule\" data-id=\"77a4b76\" data-element_type=\"widget\" data-widget_type=\"appointment_schedule.default\">\n\t\t\t\t<div class=\"elementor-widget-container\">\n\t\t\t\n<div class=\"block \">\n\n  <div class=\"container position-relative\">\n\t<div class=\"section__text-background text-color02 text-center text-background__center\">\n\t\t\tPromo\u021bii<\/div>\n\t<div class=\"row\">\n\t  <div class=\"col-md-6\">\n\t\t<div class=\"text-appointment\">\n\t\t  <h2 class=\"h-lg\"><\/h2>\n\t\t  <p class=\"info\">STAR Service Dealer Auto pentru m\u0103rcile DACIA \/ RENAULT<\/p>\n\t\t  <h2 class=\"h-phone\">Tel: 0240 531 215<\/h2>\n\t\t  <div>\n\n\t\t\t\t\t\t<a class=\"btn btn-border btn-invert\"\n\t\t\t  href=\"https:\/\/starservice.ro\/?page_id=225\"><span>Vezi OFERTA<\/span><\/a>\n\t\t\t\t\t  <\/div>\n\t\t<\/div>\n\t  <\/div>\n\t  <div class=\"col-md-6\">\n\t\t<div class=\"img-move animation animated fadeInRight\" data-animation=\"fadeInRight\" data-animation-delay=\"0s\">\n\t\t\t<img width=\"667\" height=\"375\" src=\"https:\/\/starservice.ro\/wp-content\/uploads\/2021\/02\/noul_logan_.png\" class=\"attachment-full size-full\" alt=\"\" loading=\"lazy\" srcset=\"https:\/\/starservice.ro\/wp-content\/uploads\/2021\/02\/noul_logan_.png 667w, https:\/\/starservice.ro\/wp-content\/uploads\/2021\/02\/noul_logan_-300x169.png 300w, https:\/\/starservice.ro\/wp-content\/uploads\/2021\/02\/noul_logan_-600x337.png 600w\" sizes=\"(max-width: 667px) 100vw, 667px\" \/>\t\t<\/div>\n\t  <\/div>\n\t<\/div>\n  <\/div>\n<\/div>\n\t\t\t\t\t<\/div>\n\t\t\t\t<\/div>\n\t\t\t\t\t<\/div>\n\t\t<\/div>\n\t\t\t\t\t\t\t<\/div>\n\t\t<\/section>\n\t\t\t\t\t\t\t<\/div>\n\t\t","protected":false},"excerpt":{"rendered":"<p>DACIA JOGGER Hybrid DACIA JOGGER Hybrid Av\u00e2nd lungimea unui break, spa\u021biul interior al unui monovolum \u0219i stilul robust al unui SUV \u2013 Dacia Jogger reune\u0219te atuurile a 3 tipuri de caroserii \u00eentr-o ma\u0219in\u0103 de familie cu 5 sau 7 locuri. Versatil, cu spirit de aventur\u0103 \u0219i accesibil, Jogger \u00eentruchipeaz\u0103 pe deplin spiritul Dacia. CONCEPUT\u0102 PENTRU [&hellip;]<\/p>\n","protected":false},"author":1,"featured_media":0,"parent":0,"menu_order":0,"comment_status":"closed","ping_status":"closed","template":"","meta":[],"_links":{"self":[{"href":"https:\/\/starservice.ro\/index.php?rest_route=\/wp\/v2\/pages\/4516"}],"collection":[{"href":"https:\/\/starservice.ro\/index.php?rest_route=\/wp\/v2\/pages"}],"about":[{"href":"https:\/\/starservice.ro\/index.php?rest_route=\/wp\/v2\/types\/page"}],"author":[{"embeddable":true,"href":"https:\/\/starservice.ro\/index.php?rest_route=\/wp\/v2\/users\/1"}],"replies":[{"embeddable":true,"href":"https:\/\/starservice.ro\/index.php?rest_route=%2Fwp%2Fv2%2Fcomments&post=4516"}],"version-history":[{"count":37,"href":"https:\/\/starservice.ro\/index.php?rest_route=\/wp\/v2\/pages\/4516\/revisions"}],"predecessor-version":[{"id":4665,"href":"https:\/\/starservice.ro\/index.php?rest_route=\/wp\/v2\/pages\/4516\/revisions\/4665"}],"wp:attachment":[{"href":"https:\/\/starservice.ro\/index.php?rest_route=%2Fwp%2Fv2%2Fmedia&parent=4516"}],"curies":[{"name":"wp","href":"https:\/\/api.w.org\/{rel}","templated":true}]}}