{"id":4518,"date":"2025-04-11T07:25:03","date_gmt":"2025-04-11T04:25:03","guid":{"rendered":"https:\/\/starservice.ro\/?page_id=4518"},"modified":"2025-04-11T08:25:13","modified_gmt":"2025-04-11T05:25:13","slug":"dacia-sandero","status":"publish","type":"page","link":"https:\/\/starservice.ro\/?page_id=4518","title":{"rendered":"SANDERO"},"content":{"rendered":"\t\t<div data-elementor-type=\"wp-page\" data-elementor-id=\"4518\" class=\"elementor elementor-4518\">\n\t\t\t\t\t\t\t\t\t<section class=\"elementor-section elementor-top-section elementor-element elementor-element-cef3218 elementor-section-stretched elementor-section-full_width elementor-section-height-default elementor-section-height-default\" data-id=\"cef3218\" data-element_type=\"section\" data-settings=\"{&quot;stretch_section&quot;:&quot;section-stretched&quot;}\">\n\t\t\t\t\t\t<div class=\"elementor-container elementor-column-gap-no\">\n\t\t\t\t\t<div class=\"elementor-column elementor-col-100 elementor-top-column elementor-element elementor-element-45c630c\" data-id=\"45c630c\" data-element_type=\"column\">\n\t\t\t<div class=\"elementor-widget-wrap elementor-element-populated\">\n\t\t\t\t\t\t\t\t<div class=\"elementor-element elementor-element-19221b2 elementor-widget elementor-widget-image\" data-id=\"19221b2\" data-element_type=\"widget\" data-widget_type=\"image.default\">\n\t\t\t\t<div class=\"elementor-widget-container\">\n\t\t\t\t\t\t\t\t\t\t\t\t\t\t\t<img width=\"1024\" height=\"131\" src=\"https:\/\/starservice.ro\/wp-content\/uploads\/2025\/04\/dacia-logo-1024x131-1.png\" class=\"attachment-full size-full\" alt=\"\" loading=\"lazy\" srcset=\"https:\/\/starservice.ro\/wp-content\/uploads\/2025\/04\/dacia-logo-1024x131-1.png 1024w, https:\/\/starservice.ro\/wp-content\/uploads\/2025\/04\/dacia-logo-1024x131-1-300x38.png 300w, https:\/\/starservice.ro\/wp-content\/uploads\/2025\/04\/dacia-logo-1024x131-1-768x98.png 768w, https:\/\/starservice.ro\/wp-content\/uploads\/2025\/04\/dacia-logo-1024x131-1-870x111.png 870w, https:\/\/starservice.ro\/wp-content\/uploads\/2025\/04\/dacia-logo-1024x131-1-600x77.png 600w\" sizes=\"(max-width: 1024px) 100vw, 1024px\" \/>\t\t\t\t\t\t\t\t\t\t\t\t\t\t\t<\/div>\n\t\t\t\t<\/div>\n\t\t\t\t<div class=\"elementor-element elementor-element-827fa6b elementor-widget elementor-widget-csr_slickslider\" data-id=\"827fa6b\" data-element_type=\"widget\" data-settings=\"{&quot;autoplay_speed&quot;:2000,&quot;speed&quot;:500}\" data-widget_type=\"csr_slickslider.default\">\n\t\t\t\t<div class=\"elementor-widget-container\">\n\t\t\t\t\t<div id=\"mainSliderWrapper\" data-slickslider='{\"autoplay\":true,\"autoplay_speed\":2000,\"arrows\":false,\"dots\":true,\"fade\":true,\"speed\":500,\"pause_on_hover\":true,\"pause_on_dots_hover\":true}'>\n\t\t\t<div id=\"mainSlider\">\n\t\t\t\t\t \n\t\t\t\t\t<div class=\"slide\" id=\"69d43b959518b184\">\n\t\t\t\t\t\t<div class=\"img--holder\"\n\t\t\t\t\t\t\t\t\t\t\t\t\t\t  style=\"background-image: url(https:\/\/starservice.ro\/wp-content\/uploads\/2025\/04\/Black-for-text.png); min-height: 526px;\" ><\/div>\n\t\t\t\t\t\t<div class=\"slide-content center\">\n\t\t\t\t\t\t\t<div class=\"vert-wrap container\">\n\t\t\t\t\t\t\t\t<div class=\"vert\">\n\t\t\t\t\t\t\t\t\t<div class=\"container\">\n\t\t\t\t\t\t\t\t\t\t<h4 data-animation=\"zoomIn\" data-animation-delay=\"0.5s\">DACIA SANDERO<\/h4>\t\t\t\t\t\t\t\t\t<\/div>\n\t\t\t\t\t\t\t\t<\/div>\n\t\t\t\t\t\t\t<\/div>\n\t\t\t\t\t\t<\/div>\n\t\t\t\t\t<\/div>\n\t\t\t\t\t\n\t\t\t\t\t<div class=\"slide\" id=\"69d43b9595480108\">\n\t\t\t\t\t\t<div class=\"img--holder\"\n\t\t\t\t\t\t\t\t\t\t\t\t\t\t  style=\"background-image: url(https:\/\/starservice.ro\/wp-content\/uploads\/2025\/04\/Sandero_0000_SA4.png); min-height: 526px;\" ><\/div>\n\t\t\t\t\t\t<div class=\"slide-content center\">\n\t\t\t\t\t\t\t<div class=\"vert-wrap container\">\n\t\t\t\t\t\t\t\t<div class=\"vert\">\n\t\t\t\t\t\t\t\t\t<div class=\"container\">\n\t\t\t\t\t\t\t\t\t\t\t\t\t\t\t\t\t\t\t<\/div>\n\t\t\t\t\t\t\t\t<\/div>\n\t\t\t\t\t\t\t<\/div>\n\t\t\t\t\t\t<\/div>\n\t\t\t\t\t<\/div>\n\t\t\t\t\t\n\t\t\t\t\t<div class=\"slide\" id=\"69d43b959806e429\">\n\t\t\t\t\t\t<div class=\"img--holder\"\n\t\t\t\t\t\t\t\t\t\t\t\t\t\t  style=\"background-image: url(https:\/\/starservice.ro\/wp-content\/uploads\/2025\/04\/Sandero_0001_SA3.png); min-height: 526px;\" ><\/div>\n\t\t\t\t\t\t<div class=\"slide-content center\">\n\t\t\t\t\t\t\t<div class=\"vert-wrap container\">\n\t\t\t\t\t\t\t\t<div class=\"vert\">\n\t\t\t\t\t\t\t\t\t<div class=\"container\">\n\t\t\t\t\t\t\t\t\t\t\t\t\t\t\t\t\t\t\t<\/div>\n\t\t\t\t\t\t\t\t<\/div>\n\t\t\t\t\t\t\t<\/div>\n\t\t\t\t\t\t<\/div>\n\t\t\t\t\t<\/div>\n\t\t\t\t\t\n\t\t\t\t\t<div class=\"slide\" id=\"69d43b959837b642\">\n\t\t\t\t\t\t<div class=\"img--holder\"\n\t\t\t\t\t\t\t\t\t\t\t\t\t\t  style=\"background-image: url(https:\/\/starservice.ro\/wp-content\/uploads\/2025\/04\/Sandero_0003_SA1.png); min-height: 526px;\" ><\/div>\n\t\t\t\t\t\t<div class=\"slide-content center\">\n\t\t\t\t\t\t\t<div class=\"vert-wrap container\">\n\t\t\t\t\t\t\t\t<div class=\"vert\">\n\t\t\t\t\t\t\t\t\t<div class=\"container\">\n\t\t\t\t\t\t\t\t\t\t\t\t\t\t\t\t\t\t\t<\/div>\n\t\t\t\t\t\t\t\t<\/div>\n\t\t\t\t\t\t\t<\/div>\n\t\t\t\t\t\t<\/div>\n\t\t\t\t\t<\/div>\n\t\t\t\t\t\n\t\t\t\t\t<div class=\"slide\" id=\"69d43b95985707\">\n\t\t\t\t\t\t<div class=\"img--holder\"\n\t\t\t\t\t\t\t\t\t\t\t\t\t\t  style=\"background-image: url(https:\/\/starservice.ro\/wp-content\/uploads\/2025\/04\/Sandero_0002_SA2.png); min-height: 526px;\" ><\/div>\n\t\t\t\t\t\t<div class=\"slide-content center\">\n\t\t\t\t\t\t\t<div class=\"vert-wrap container\">\n\t\t\t\t\t\t\t\t<div class=\"vert\">\n\t\t\t\t\t\t\t\t\t<div class=\"container\">\n\t\t\t\t\t\t\t\t\t\t\t\t\t\t\t\t\t\t\t<\/div>\n\t\t\t\t\t\t\t\t<\/div>\n\t\t\t\t\t\t\t<\/div>\n\t\t\t\t\t\t<\/div>\n\t\t\t\t\t<\/div>\n\t\t\t\t\t\t\t\t<\/div>\n\t\t\t\t<\/div>\n\t\t\t\t<\/div>\n\t\t\t\t<\/div>\n\t\t\t\t<div class=\"elementor-element elementor-element-66ec4f9 elementor-widget elementor-widget-about_us_1\" data-id=\"66ec4f9\" data-element_type=\"widget\" data-widget_type=\"about_us_1.default\">\n\t\t\t\t<div class=\"elementor-widget-container\">\n\t\t\t\n\t\t<div class=\"block\">\n\t\t\t<div class=\"container no-indent\">\n\t\t\t\t<div class=\"wrapper-parallax-left02\">\n\t\t\t\t\t<div class=\"col-img\">\n\t\t\t\t\t\t<img width=\"920\" height=\"750\" src=\"https:\/\/starservice.ro\/wp-content\/uploads\/2025\/04\/sandero-2.png\" class=\"attachment-full size-full\" alt=\"\" loading=\"lazy\" srcset=\"https:\/\/starservice.ro\/wp-content\/uploads\/2025\/04\/sandero-2.png 920w, https:\/\/starservice.ro\/wp-content\/uploads\/2025\/04\/sandero-2-300x245.png 300w, https:\/\/starservice.ro\/wp-content\/uploads\/2025\/04\/sandero-2-768x626.png 768w, https:\/\/starservice.ro\/wp-content\/uploads\/2025\/04\/sandero-2-602x491.png 602w, https:\/\/starservice.ro\/wp-content\/uploads\/2025\/04\/sandero-2-600x489.png 600w\" sizes=\"(max-width: 920px) 100vw, 920px\" \/>\t\t\t\t\t<\/div>\n\t\t\t\t\t<div class=\"col-description\">\n\t\t\t\t\t\t<div class=\"block-title text-left\">\n\t\t\t\t\t\t\t<h3 class=\"block-title__title\">\n\t\t\t\t\t\t\t<span style=\"font-family: DACIA\"> DACIA SANDERO <\/span>\t\t\t\t\t\t\t<\/h3>\n\t\t\t\t\t\t\t<div class=\"title-separator\"><\/div>\n\t\t\t\t\t\t<\/div>\n\t\t\t\t\t\t<span style=\"font-family: DACIA\">Doar o privire \u0219i \u00ee\u021bi imaginezi deja cum evadezi cu Dacia Sandero Stepway. Capota specific\u0103, cu bosaje\nproeminente, jantele de 16\u201d, ornamentele de protec\u021bie \u0219i garda la sol ridicat\u0103 \u00eei confer\u0103 stilul dinamic\n\u0219i robust al unui crossover veritabil.\nSemn\u0103tura luminoas\u0103 \u00een form\u0103 de Y \u0219i proiectoarele LED asigur\u0103 o vizibilitate mai bun\u0103. Fie c\u0103\nhoin\u0103re\u0219ti prin ora\u0219 sau \u00een afara lui, barele de pavilion modulabile \u0219i noua trap\u0103 electric\u0103 deschid noi\norizonturi pentru activit\u0103\u021bi \u0219i petrecerea timpului liber.<\/span>\t\t\t\t\t<\/div>\n\t\t\t\t<\/div>\n\t\t\t\t<div class=\"divider-md\"><\/div>\n\t\t\t\t<div class=\"row\">\n\t\t\t\t\t\t\t\t\t<div class=\"col-md-4\">\n\t\t\t\t\t\t<h6 class=\"subtitle\"><span style=\"font-family: DACIA;\">MODERN \u0218I PRACTIC<\/h6>\n\t\t\t\t\t\t<span style=\"font-family: DACIA;\">Descoper\u0103 stilul contemporan prin excelen\u021b\u0103 al interiorului. Ambian\u021ba sobr\u0103 se \u00eembin\u0103 cu tehnologia\nde care ai nevoie: conectivitate practic\u0103 \u0219i modern\u0103 controlat\u0103 de un ecran tactil de 8\u201d prin intermediul\nc\u0103ruia po\u021bi accesa \u0219i aplica\u021biile preferate prin smartphone replication prin cablu. Comenzile plasate la\n\u00eendem\u00e2n\u0103 permit folosirea extrem de facil\u0103 a tuturor func\u021biilor. Practic \u0219i confortabil \u00een acela\u0219i timp,\ninteriorul dezv\u0103luie finisajele de culoare gri \u0219i alb\u0103, tapi\u021beria cu cus\u0103turi albe, fr\u00e2na de parcare asistat\u0103\nelectric plasat\u0103 pe consol\u0103, cotiera \u0219i spa\u021biul de depozitare.\n<\/span>\t\t\t\t\t<\/div>\n\t\t\t\t\t\t\t\t\t\t<div class=\"divider-md hidden-lg hidden-md\"><\/div>\n\t\t\t\t\t\t\t\t\t\t\t\t\t\t\t<div class=\"col-md-4\">\n\t\t\t\t\t\t<h6 class=\"subtitle\"><span style=\"font-family: DACIA;\">MAI MULT SPA\u021aIU PENTRU TINE<\/h6>\n\t\t\t\t\t\t<span style=\"font-family: DACIA;\">Sandero Stepway este preg\u0103tit s\u0103 dep\u0103\u0219esc\u0103 orice provocare, zi de zi: \u00eei po\u021bi transforma portbagajul\n\u00eentr-o clip\u0103 ca s\u0103 transpor\u021bi ce ai nevoie. Nu trebuie dec\u00e2t s\u0103 pliezi scaunele cu o singur\u0103 mi\u0219care \u0219i s\u0103\najustezi astfel capacitatea de \u00eenc\u0103rcare dup\u0103 cum \u00ee\u021bi este necesar. Datorit\u0103 unui sistem ingenios, po\u021bi\ntransforma f\u0103r\u0103 efort barele de pavilion longitudinale \u00een bare transversale pe care po\u021bi apoi monta un\nportbagaj exterior, un suport pentru biciclete sau ski-uri. E\u0219ti gata s\u0103 cucere\u0219ti lumea? S\u0103 mergem!\n\n<\/span>\t\t\t\t\t<\/div>\n\t\t\t\t\t\t\t\t\t\t<div class=\"divider-md hidden-lg hidden-md\"><\/div>\n\t\t\t\t\t\t\t\t\t\t\t\t\t\t\t<div class=\"col-md-4\">\n\t\t\t\t\t\t<h6 class=\"subtitle\"><span style=\"font-family: DACIA;\">CONTEMPORAN \u0218I ACCESIBIL<\/h6>\n\t\t\t\t\t\t<span style=\"font-family: DACIA;\">Admir\u0103 stilul complet nou al Daciei Sandero, cu linii fluide, distincte, o combina\u021bie de robuste\u021be \u0219i\ndinamism. Semn\u0103tura luminoas\u0103 fa\u021b\u0103 (LED) \u0219i spate \u00een forma literei Y define\u0219te un design modern.\nGrila frontal\u0103, cu un design nou, \u00eei confer\u0103 caracter \u0219i aspect robust. Sandero pe care \u00eel iube\u0219ti \u00ee\u0219i arat\u0103\nstilul \u00een detalii: bara fa\u021b\u0103, oglinzile retrovizoare \u0219i m\u00e2nerele u\u0219ilor, toate \u00een culoarea caroseriei*. Via\u021ba\nde zi cu zi devine mai placut\u0103 cu Sandero.\n* \u00een func\u021bie de nivelul de echipare\n<\/span>\t\t\t\t\t<\/div>\n\t\t\t\t\t\t\t\t\t\t\t\t\t\t<\/div>\n\t\t\t<\/div>\n\t\t<\/div>\n\n\t\t\t\t\t<\/div>\n\t\t\t\t<\/div>\n\t\t\t\t<div class=\"elementor-element elementor-element-8e35e83 elementor-widget elementor-widget-about_us_1\" data-id=\"8e35e83\" data-element_type=\"widget\" data-widget_type=\"about_us_1.default\">\n\t\t\t\t<div class=\"elementor-widget-container\">\n\t\t\t\n\t\t<div class=\"block\">\n\t\t\t<div class=\"container no-indent\">\n\t\t\t\t<div class=\"wrapper-parallax-left02\">\n\t\t\t\t\t<div class=\"col-img\">\n\t\t\t\t\t\t<img width=\"1366\" height=\"674\" src=\"https:\/\/starservice.ro\/wp-content\/uploads\/2025\/04\/2023-dacia-sandero-masina.png\" class=\"attachment-full size-full\" alt=\"\" loading=\"lazy\" srcset=\"https:\/\/starservice.ro\/wp-content\/uploads\/2025\/04\/2023-dacia-sandero-masina.png 1366w, https:\/\/starservice.ro\/wp-content\/uploads\/2025\/04\/2023-dacia-sandero-masina-300x148.png 300w, https:\/\/starservice.ro\/wp-content\/uploads\/2025\/04\/2023-dacia-sandero-masina-1024x505.png 1024w, https:\/\/starservice.ro\/wp-content\/uploads\/2025\/04\/2023-dacia-sandero-masina-768x379.png 768w, https:\/\/starservice.ro\/wp-content\/uploads\/2025\/04\/2023-dacia-sandero-masina-870x429.png 870w, https:\/\/starservice.ro\/wp-content\/uploads\/2025\/04\/2023-dacia-sandero-masina-600x296.png 600w\" sizes=\"(max-width: 1366px) 100vw, 1366px\" \/>\t\t\t\t\t<\/div>\n\t\t\t\t\t<div class=\"col-description\">\n\t\t\t\t\t\t<div class=\"block-title text-left\">\n\t\t\t\t\t\t\t<h3 class=\"block-title__title\">\n\t\t\t\t\t\t\t<span style=\"font-family: DACIA\">ESEN\u021aIALUL ESTE LA \u00ceNDEM\u00c2N\u0102<\/span>\t\t\t\t\t\t\t<\/h3>\n\t\t\t\t\t\t\t<div class=\"title-separator\"><\/div>\n\t\t\t\t\t\t<\/div>\n\t\t\t\t\t\t<span style=\"font-family: DACIA\">Totul evolueaz\u0103, lumea, nevoile tale... Nici interiorul Daciei Sandero nu r\u0103m\u00e2ne \u00een urm\u0103: confort optim,\nmateriale de calitate, design rafinat \u0219i tehnologii simplu de utilizat. Bordul, elegant \u0219i ergonomic, este\norientat c\u0103tre \u0219ofer \u0219i faciliteaz\u0103 accesul la toate func\u021bionalit\u0103\u021bile: comenzi intuitive de climatizare,\necran 8\u201d, cu sistem de naviga\u021bie integrat \u0219i replicarea aplica\u021biilor smartphone-ului t\u0103u cu un cablu\nUSB. S\u0103 nu uit\u0103m de sistemul de asisten\u021b\u0103 la parcarea cu fa\u021ba \u0219i camera video mar\u0219arier care\nsemnaleaz\u0103 apropierea de obstacole. Cu Sandero concentrarea aten\u021biei c\u0103tre lucrurile esen\u021biale este\ncu siguran\u021b\u0103 pl\u0103cut\u0103.\n<\/span>\t\t\t\t\t<\/div>\n\t\t\t\t<\/div>\n\t\t\t\t<div class=\"divider-md\"><\/div>\n\t\t\t\t<div class=\"row\">\n\t\t\t\t\t\t\t\t\t<div class=\"col-md-4\">\n\t\t\t\t\t\t<h6 class=\"subtitle\"><span style=\"font-family: DACIA;\">SPA\u021aIU PENTRU FIECARE C\u0102L\u0102TORIE<\/h6>\n\t\t\t\t\t\t<span style=\"font-family: DACIA;\">\nModelele Dacia Sandero \u0219i Sandero Stepway \u0219tiu s\u0103 se adapteze perfect vie\u021bii tale. Ofer\u0103 multe spa\u021bii\nde depozitare care vor r\u0103spunde tuturor a\u0219tept\u0103rilor: torpedou \u00eenchis, compartimente utile \u00een portiere\n\u0219i consola central\u0103. Portbagajul este generos, iar bancheta din spate cu sp\u0103tarul rabatabil se pliaz\u0103\nperfect pentru diverse transporturi. Noile Sandero \u0219i Sandero Stepway se dovedesc foarte primitoare\noferind pasagerilor un confort m\u0103rit, prin spa\u021biul optimizat de la nivelul genunchilor \u0219i umerilor.\t\t\t\t\t<\/div>\n\t\t\t\t\t\t\t\t\t\t<div class=\"divider-md hidden-lg hidden-md\"><\/div>\n\t\t\t\t\t\t\t\t\t\t\t\t\t\t\t<div class=\"col-md-4\">\n\t\t\t\t\t\t<h6 class=\"subtitle\"><span style=\"font-family: DACIA;\">\u00ceN SIGURAN\u021a\u0102 \u00ceN FIECARE MOMENT<\/h6>\n\t\t\t\t\t\t<span style=\"font-family: DACIA;\">Sandero \u0219i Sandero Stepway \u00ee\u021bi ofer\u0103 tot ce este esen\u021bial pentru un condus \u00een siguran\u021b\u0103: sistemul de fr\u00e2nare de urgen\u021b\u0103 automat (AEBS), asisten\u021ba la pornirea \u00een ramp\u0103, \u0219ase airbaguri \u0219i senzorul de unghi mort.\nTu te po\u021bi destinde.<\/span>\n\t\t\t\t\t<\/div>\n\t\t\t\t\t\t\t\t\t\t<div class=\"divider-md hidden-lg hidden-md\"><\/div>\n\t\t\t\t\t\t\t\t\t\t\t\t\t\t\t<div class=\"col-md-4\">\n\t\t\t\t\t\t<h6 class=\"subtitle\"><span style=\"font-family: DACIA;\">ACESTA ESTE SPIRITUL DACIA!<\/h6>\n\t\t\t\t\t\t<span style=\"font-family: DACIA;\">La Dacia, oferim vehicule practice, de \u00eencredere, care ofer\u0103 cel mai bun raport calitate-pre\u021b.\nModele cu design atractiv, echipate cu cele mai fiabile, testate tehnologii... toate la un pre\u021b imbatabil.\n\u00cen cincisprezece ani, am schimbat regulile jocului pe pia\u021ba auto. De necrezut? Nu chiar. Secretul nostru?\nUn mix perfect de simplitate, transparen\u021b\u0103 \u0219i accesibilitate. De la alegerea modelului la pre\u021b \u0219i\n\u00eentre\u021binere, totul este clar \u0219i evident la Dacia. S\u0103 conduci Dacia \u00eenseamn\u0103 s\u0103 fii sigur c\u0103 ai f\u0103cut alegerea\ncorect\u0103. \u00censeamn\u0103 s\u0103 alegi calitatea, fiabilitatea, designul, confortul \u0219i, mai presus de toate, un pre\u021b\ncorect. \u00censeamn\u0103 s\u0103 po\u021bi cump\u0103ra un vehicul nou care s\u0103 corespund\u0103 nevoilor tale. <\/span>\n\t\t\t\t\t<\/div>\n\t\t\t\t\t\t\t\t\t\t\t\t\t\t<\/div>\n\t\t\t<\/div>\n\t\t<\/div>\n\n\t\t\t\t\t<\/div>\n\t\t\t\t<\/div>\n\t\t\t\t<div class=\"elementor-element elementor-element-7550471 elementor-align-center elementor-mobile-align-center elementor-widget elementor-widget-button\" data-id=\"7550471\" data-element_type=\"widget\" data-settings=\"{&quot;_animation&quot;:&quot;none&quot;,&quot;_animation_tablet&quot;:&quot;none&quot;}\" data-widget_type=\"button.default\">\n\t\t\t\t<div class=\"elementor-widget-container\">\n\t\t\t\t\t<div class=\"elementor-button-wrapper\">\n\t\t\t<a href=\"https:\/\/starservice.ro\/wp-content\/uploads\/2025\/04\/brosura-sandero-iulie-2022.pdf\" target=\"_blank\" class=\"elementor-button-link elementor-button elementor-size-sm\" role=\"button\">\n\t\t\t\t\t\t<span class=\"elementor-button-content-wrapper\">\n\t\t\t\t\t\t\t<span class=\"elementor-button-icon elementor-align-icon-left\">\n\t\t\t\t<i aria-hidden=\"true\" class=\"far fa-arrow-alt-circle-down\"><\/i>\t\t\t<\/span>\n\t\t\t\t\t\t<span class=\"elementor-button-text\">Descarc\u0103 PDF<\/span>\n\t\t<\/span>\n\t\t\t\t\t<\/a>\n\t\t<\/div>\n\t\t\t\t<\/div>\n\t\t\t\t<\/div>\n\t\t\t\t<div class=\"elementor-element elementor-element-8406e94 elementor-align-left elementor-mobile-align-center elementor-widget elementor-widget-button\" data-id=\"8406e94\" data-element_type=\"widget\" data-settings=\"{&quot;_animation&quot;:&quot;none&quot;,&quot;_animation_tablet&quot;:&quot;none&quot;}\" data-widget_type=\"button.default\">\n\t\t\t\t<div class=\"elementor-widget-container\">\n\t\t\t\t\t<div class=\"elementor-button-wrapper\">\n\t\t\t<a href=\"https:\/\/starservice.ro\/?page_id=2942\" class=\"elementor-button-link elementor-button elementor-size-sm\" role=\"button\">\n\t\t\t\t\t\t<span class=\"elementor-button-content-wrapper\">\n\t\t\t\t\t\t\t<span class=\"elementor-button-icon elementor-align-icon-left\">\n\t\t\t\t<i aria-hidden=\"true\" class=\"far fa-arrow-alt-circle-left\"><\/i>\t\t\t<\/span>\n\t\t\t\t\t\t<span class=\"elementor-button-text\">\u00cenapoi la pagina principal\u0103<\/span>\n\t\t<\/span>\n\t\t\t\t\t<\/a>\n\t\t<\/div>\n\t\t\t\t<\/div>\n\t\t\t\t<\/div>\n\t\t\t\t\t<\/div>\n\t\t<\/div>\n\t\t\t\t\t\t\t<\/div>\n\t\t<\/section>\n\t\t\t\t<section class=\"elementor-section elementor-top-section elementor-element elementor-element-4c44883 elementor-section-boxed elementor-section-height-default elementor-section-height-default\" data-id=\"4c44883\" data-element_type=\"section\">\n\t\t\t\t\t\t<div class=\"elementor-container elementor-column-gap-default\">\n\t\t\t\t\t<div class=\"elementor-column elementor-col-100 elementor-top-column elementor-element elementor-element-8b2aa31\" data-id=\"8b2aa31\" data-element_type=\"column\">\n\t\t\t<div class=\"elementor-widget-wrap elementor-element-populated\">\n\t\t\t\t\t\t\t\t<div class=\"elementor-element elementor-element-77a4b76 elementor-widget elementor-widget-appointment_schedule\" data-id=\"77a4b76\" data-element_type=\"widget\" data-widget_type=\"appointment_schedule.default\">\n\t\t\t\t<div class=\"elementor-widget-container\">\n\t\t\t\n<div class=\"block \">\n\n  <div class=\"container position-relative\">\n\t<div class=\"section__text-background text-color02 text-center text-background__center\">\n\t\t\tPromo\u021bii<\/div>\n\t<div class=\"row\">\n\t  <div class=\"col-md-6\">\n\t\t<div class=\"text-appointment\">\n\t\t  <h2 class=\"h-lg\"><\/h2>\n\t\t  <p class=\"info\">STAR Service Dealer Auto pentru m\u0103rcile DACIA \/ RENAULT<\/p>\n\t\t  <h2 class=\"h-phone\">Tel: 0240 531 215<\/h2>\n\t\t  <div>\n\n\t\t\t\t\t\t<a class=\"btn btn-border btn-invert\"\n\t\t\t  href=\"https:\/\/starservice.ro\/?page_id=225\"><span>Vezi OFERTA<\/span><\/a>\n\t\t\t\t\t  <\/div>\n\t\t<\/div>\n\t  <\/div>\n\t  <div class=\"col-md-6\">\n\t\t<div class=\"img-move animation animated fadeInRight\" data-animation=\"fadeInRight\" data-animation-delay=\"0s\">\n\t\t\t<img width=\"667\" height=\"375\" src=\"https:\/\/starservice.ro\/wp-content\/uploads\/2021\/02\/noul_logan_.png\" class=\"attachment-full size-full\" alt=\"\" loading=\"lazy\" srcset=\"https:\/\/starservice.ro\/wp-content\/uploads\/2021\/02\/noul_logan_.png 667w, https:\/\/starservice.ro\/wp-content\/uploads\/2021\/02\/noul_logan_-300x169.png 300w, https:\/\/starservice.ro\/wp-content\/uploads\/2021\/02\/noul_logan_-600x337.png 600w\" sizes=\"(max-width: 667px) 100vw, 667px\" \/>\t\t<\/div>\n\t  <\/div>\n\t<\/div>\n  <\/div>\n<\/div>\n\t\t\t\t\t<\/div>\n\t\t\t\t<\/div>\n\t\t\t\t\t<\/div>\n\t\t<\/div>\n\t\t\t\t\t\t\t<\/div>\n\t\t<\/section>\n\t\t\t\t\t\t\t<\/div>\n\t\t","protected":false},"excerpt":{"rendered":"<p>DACIA SANDERO DACIA SANDERO Doar o privire \u0219i \u00ee\u021bi imaginezi deja cum evadezi cu Dacia Sandero Stepway. Capota specific\u0103, cu bosaje proeminente, jantele de 16\u201d, ornamentele de protec\u021bie \u0219i garda la sol ridicat\u0103 \u00eei confer\u0103 stilul dinamic \u0219i robust al unui crossover veritabil. Semn\u0103tura luminoas\u0103 \u00een form\u0103 de Y \u0219i proiectoarele LED asigur\u0103 o vizibilitate [&hellip;]<\/p>\n","protected":false},"author":1,"featured_media":0,"parent":0,"menu_order":0,"comment_status":"closed","ping_status":"closed","template":"","meta":[],"_links":{"self":[{"href":"https:\/\/starservice.ro\/index.php?rest_route=\/wp\/v2\/pages\/4518"}],"collection":[{"href":"https:\/\/starservice.ro\/index.php?rest_route=\/wp\/v2\/pages"}],"about":[{"href":"https:\/\/starservice.ro\/index.php?rest_route=\/wp\/v2\/types\/page"}],"author":[{"embeddable":true,"href":"https:\/\/starservice.ro\/index.php?rest_route=\/wp\/v2\/users\/1"}],"replies":[{"embeddable":true,"href":"https:\/\/starservice.ro\/index.php?rest_route=%2Fwp%2Fv2%2Fcomments&post=4518"}],"version-history":[{"count":31,"href":"https:\/\/starservice.ro\/index.php?rest_route=\/wp\/v2\/pages\/4518\/revisions"}],"predecessor-version":[{"id":4617,"href":"https:\/\/starservice.ro\/index.php?rest_route=\/wp\/v2\/pages\/4518\/revisions\/4617"}],"wp:attachment":[{"href":"https:\/\/starservice.ro\/index.php?rest_route=%2Fwp%2Fv2%2Fmedia&parent=4518"}],"curies":[{"name":"wp","href":"https:\/\/api.w.org\/{rel}","templated":true}]}}