{"id":4520,"date":"2025-04-11T07:25:51","date_gmt":"2025-04-11T04:25:51","guid":{"rendered":"https:\/\/starservice.ro\/?page_id=4520"},"modified":"2025-04-11T08:17:59","modified_gmt":"2025-04-11T05:17:59","slug":"dacia-sandero-stepway","status":"publish","type":"page","link":"https:\/\/starservice.ro\/?page_id=4520","title":{"rendered":"SANDERO STEPWAY"},"content":{"rendered":"\t\t<div data-elementor-type=\"wp-page\" data-elementor-id=\"4520\" class=\"elementor elementor-4520\">\n\t\t\t\t\t\t\t\t\t<section class=\"elementor-section elementor-top-section elementor-element elementor-element-cef3218 elementor-section-stretched elementor-section-full_width elementor-section-height-default elementor-section-height-default\" data-id=\"cef3218\" data-element_type=\"section\" data-settings=\"{&quot;stretch_section&quot;:&quot;section-stretched&quot;}\">\n\t\t\t\t\t\t<div class=\"elementor-container elementor-column-gap-no\">\n\t\t\t\t\t<div class=\"elementor-column elementor-col-100 elementor-top-column elementor-element elementor-element-45c630c\" data-id=\"45c630c\" data-element_type=\"column\">\n\t\t\t<div class=\"elementor-widget-wrap elementor-element-populated\">\n\t\t\t\t\t\t\t\t<div class=\"elementor-element elementor-element-19221b2 elementor-widget elementor-widget-image\" data-id=\"19221b2\" data-element_type=\"widget\" data-widget_type=\"image.default\">\n\t\t\t\t<div class=\"elementor-widget-container\">\n\t\t\t\t\t\t\t\t\t\t\t\t\t\t\t<img width=\"1024\" height=\"131\" src=\"https:\/\/starservice.ro\/wp-content\/uploads\/2025\/04\/dacia-logo-1024x131-1.png\" class=\"attachment-full size-full\" alt=\"\" loading=\"lazy\" srcset=\"https:\/\/starservice.ro\/wp-content\/uploads\/2025\/04\/dacia-logo-1024x131-1.png 1024w, https:\/\/starservice.ro\/wp-content\/uploads\/2025\/04\/dacia-logo-1024x131-1-300x38.png 300w, https:\/\/starservice.ro\/wp-content\/uploads\/2025\/04\/dacia-logo-1024x131-1-768x98.png 768w, https:\/\/starservice.ro\/wp-content\/uploads\/2025\/04\/dacia-logo-1024x131-1-870x111.png 870w, https:\/\/starservice.ro\/wp-content\/uploads\/2025\/04\/dacia-logo-1024x131-1-600x77.png 600w\" sizes=\"(max-width: 1024px) 100vw, 1024px\" \/>\t\t\t\t\t\t\t\t\t\t\t\t\t\t\t<\/div>\n\t\t\t\t<\/div>\n\t\t\t\t<div class=\"elementor-element elementor-element-827fa6b elementor-widget elementor-widget-csr_slickslider\" data-id=\"827fa6b\" data-element_type=\"widget\" data-settings=\"{&quot;autoplay_speed&quot;:2000,&quot;speed&quot;:500}\" data-widget_type=\"csr_slickslider.default\">\n\t\t\t\t<div class=\"elementor-widget-container\">\n\t\t\t\t\t<div id=\"mainSliderWrapper\" data-slickslider='{\"autoplay\":true,\"autoplay_speed\":2000,\"arrows\":false,\"dots\":true,\"fade\":true,\"speed\":500,\"pause_on_hover\":true,\"pause_on_dots_hover\":true}'>\n\t\t\t<div id=\"mainSlider\">\n\t\t\t\t\t \n\t\t\t\t\t<div class=\"slide\" id=\"69e1f6c85e921709\">\n\t\t\t\t\t\t<div class=\"img--holder\"\n\t\t\t\t\t\t\t\t\t\t\t\t\t\t  style=\"background-image: url(https:\/\/starservice.ro\/wp-content\/uploads\/2025\/04\/Black-for-text.png); min-height: 526px;\" ><\/div>\n\t\t\t\t\t\t<div class=\"slide-content center\">\n\t\t\t\t\t\t\t<div class=\"vert-wrap container\">\n\t\t\t\t\t\t\t\t<div class=\"vert\">\n\t\t\t\t\t\t\t\t\t<div class=\"container\">\n\t\t\t\t\t\t\t\t\t\t<h4 data-animation=\"zoomIn\" data-animation-delay=\"0.5s\">DACIA SANDERO STEPWAY<\/h4>\t\t\t\t\t\t\t\t\t<\/div>\n\t\t\t\t\t\t\t\t<\/div>\n\t\t\t\t\t\t\t<\/div>\n\t\t\t\t\t\t<\/div>\n\t\t\t\t\t<\/div>\n\t\t\t\t\t\n\t\t\t\t\t<div class=\"slide\" id=\"69e1f6c85ee58392\">\n\t\t\t\t\t\t<div class=\"img--holder\"\n\t\t\t\t\t\t\t\t\t\t\t\t\t\t  style=\"background-image: url(https:\/\/starservice.ro\/wp-content\/uploads\/2025\/04\/SanderoSTEP_0003_SAS1.png); min-height: 526px;\" ><\/div>\n\t\t\t\t\t\t<div class=\"slide-content center\">\n\t\t\t\t\t\t\t<div class=\"vert-wrap container\">\n\t\t\t\t\t\t\t\t<div class=\"vert\">\n\t\t\t\t\t\t\t\t\t<div class=\"container\">\n\t\t\t\t\t\t\t\t\t\t\t\t\t\t\t\t\t\t\t<\/div>\n\t\t\t\t\t\t\t\t<\/div>\n\t\t\t\t\t\t\t<\/div>\n\t\t\t\t\t\t<\/div>\n\t\t\t\t\t<\/div>\n\t\t\t\t\t\n\t\t\t\t\t<div class=\"slide\" id=\"69e1f6c85f39f111\">\n\t\t\t\t\t\t<div class=\"img--holder\"\n\t\t\t\t\t\t\t\t\t\t\t\t\t\t  style=\"background-image: url(https:\/\/starservice.ro\/wp-content\/uploads\/2025\/04\/SanderoSTEP_0002_SAS.png); min-height: 526px;\" ><\/div>\n\t\t\t\t\t\t<div class=\"slide-content center\">\n\t\t\t\t\t\t\t<div class=\"vert-wrap container\">\n\t\t\t\t\t\t\t\t<div class=\"vert\">\n\t\t\t\t\t\t\t\t\t<div class=\"container\">\n\t\t\t\t\t\t\t\t\t\t\t\t\t\t\t\t\t\t\t<\/div>\n\t\t\t\t\t\t\t\t<\/div>\n\t\t\t\t\t\t\t<\/div>\n\t\t\t\t\t\t<\/div>\n\t\t\t\t\t<\/div>\n\t\t\t\t\t\n\t\t\t\t\t<div class=\"slide\" id=\"69e1f6c85f61084\">\n\t\t\t\t\t\t<div class=\"img--holder\"\n\t\t\t\t\t\t\t\t\t\t\t\t\t\t  style=\"background-image: url(https:\/\/starservice.ro\/wp-content\/uploads\/2025\/04\/SanderoSTEP_0001_SAS3.png); min-height: 526px;\" ><\/div>\n\t\t\t\t\t\t<div class=\"slide-content center\">\n\t\t\t\t\t\t\t<div class=\"vert-wrap container\">\n\t\t\t\t\t\t\t\t<div class=\"vert\">\n\t\t\t\t\t\t\t\t\t<div class=\"container\">\n\t\t\t\t\t\t\t\t\t\t\t\t\t\t\t\t\t\t\t<\/div>\n\t\t\t\t\t\t\t\t<\/div>\n\t\t\t\t\t\t\t<\/div>\n\t\t\t\t\t\t<\/div>\n\t\t\t\t\t<\/div>\n\t\t\t\t\t\n\t\t\t\t\t<div class=\"slide\" id=\"69e1f6c85f82f322\">\n\t\t\t\t\t\t<div class=\"img--holder\"\n\t\t\t\t\t\t\t\t\t\t\t\t\t\t  style=\"background-image: url(https:\/\/starservice.ro\/wp-content\/uploads\/2025\/04\/SanderoSTEP_0000_SAS4.png); min-height: 526px;\" ><\/div>\n\t\t\t\t\t\t<div class=\"slide-content center\">\n\t\t\t\t\t\t\t<div class=\"vert-wrap container\">\n\t\t\t\t\t\t\t\t<div class=\"vert\">\n\t\t\t\t\t\t\t\t\t<div class=\"container\">\n\t\t\t\t\t\t\t\t\t\t\t\t\t\t\t\t\t\t\t<\/div>\n\t\t\t\t\t\t\t\t<\/div>\n\t\t\t\t\t\t\t<\/div>\n\t\t\t\t\t\t<\/div>\n\t\t\t\t\t<\/div>\n\t\t\t\t\t\t\t\t<\/div>\n\t\t\t\t<\/div>\n\t\t\t\t<\/div>\n\t\t\t\t<\/div>\n\t\t\t\t<div class=\"elementor-element elementor-element-66ec4f9 elementor-widget elementor-widget-about_us_1\" data-id=\"66ec4f9\" data-element_type=\"widget\" data-widget_type=\"about_us_1.default\">\n\t\t\t\t<div class=\"elementor-widget-container\">\n\t\t\t\n\t\t<div class=\"block\">\n\t\t\t<div class=\"container no-indent\">\n\t\t\t\t<div class=\"wrapper-parallax-left02\">\n\t\t\t\t\t<div class=\"col-img\">\n\t\t\t\t\t\t<img width=\"920\" height=\"796\" src=\"https:\/\/starservice.ro\/wp-content\/uploads\/2025\/04\/dacia-noul-sandero-stepway2.png\" class=\"attachment-full size-full\" alt=\"\" loading=\"lazy\" srcset=\"https:\/\/starservice.ro\/wp-content\/uploads\/2025\/04\/dacia-noul-sandero-stepway2.png 920w, https:\/\/starservice.ro\/wp-content\/uploads\/2025\/04\/dacia-noul-sandero-stepway2-300x260.png 300w, https:\/\/starservice.ro\/wp-content\/uploads\/2025\/04\/dacia-noul-sandero-stepway2-768x664.png 768w, https:\/\/starservice.ro\/wp-content\/uploads\/2025\/04\/dacia-noul-sandero-stepway2-567x491.png 567w, https:\/\/starservice.ro\/wp-content\/uploads\/2025\/04\/dacia-noul-sandero-stepway2-600x519.png 600w\" sizes=\"(max-width: 920px) 100vw, 920px\" \/>\t\t\t\t\t<\/div>\n\t\t\t\t\t<div class=\"col-description\">\n\t\t\t\t\t\t<div class=\"block-title text-left\">\n\t\t\t\t\t\t\t<h3 class=\"block-title__title\">\n\t\t\t\t\t\t\t<span style=\"font-family: DACIA\"> DACIA SANDERO STEPWAY <\/span>\t\t\t\t\t\t\t<\/h3>\n\t\t\t\t\t\t\t<div class=\"title-separator\"><\/div>\n\t\t\t\t\t\t<\/div>\n\t\t\t\t\t\t<span style=\"font-family: DACIA\">Dacia Sandero Stepway \u00ee\u0219i reafirm\u0103 stilul de\ncrossover, duc\u00e2nd ideea de evadare la un nou nivel\ndatorit\u0103 noului finisaj Extreme, ce confer\u0103 vehiculului\nun aspect de teren \u0219i mai puternic.\nO singur\u0103 privire \u0219i e\u0219ti gata s\u0103 porne\u0219ti la drum cu\nDacia Sandero Stepway. Capota sculptat\u0103, partea\nfrontal\u0103 \u00eendr\u0103znea\u021b\u0103, elementele de protec\u021bie\n\u0219i garda la sol \u00een\u0103l\u021bat\u0103 \u00eei confer\u0103 un stil dinamic\n\u0219i robust, de crossover autentic. Farurile cu LED,\nsemn\u0103tura luminoas\u0103 de marc\u0103 \u00een form\u0103 de Y \u0219i grila\nneagr\u0103 lucioas\u0103 \u00eei sporesc personalitatea.<\/span>\t\t\t\t\t<\/div>\n\t\t\t\t<\/div>\n\t\t\t\t<div class=\"divider-md\"><\/div>\n\t\t\t\t<div class=\"row\">\n\t\t\t\t\t\t\t\t\t<div class=\"col-md-4\">\n\t\t\t\t\t\t<h6 class=\"subtitle\"><span style=\"font-family: DACIA;\">CONFORT BINE G\u00c2NDIT<\/h6>\n\t\t\t\t\t\t<span style=\"font-family: DACIA;\"> Toate dot\u0103rile tehnice de care ai nevoie: urci la\nbord f\u0103r\u0103 efort datorit\u0103 accesului f\u0103r\u0103 cheie, unde\ndescoperi ambian\u021ba noului habitaclu. La versiunea\nExtreme, interiorul prezint\u0103 o tapi\u021berie din \u021bes\u0103tur\u0103\nTEP MicroCloud de tip nou, u\u0219or de cur\u0103\u021bat, mixt\u0103, cu\nun aspect de catifea moale la atingere, prezent\u0103 \u0219i pe\npanoul de bord \u0219i pe cotiere. Accentele Copper Brown\n\u0219i liniile topografice care se reg\u0103sesc \u0219i pe covora\u0219ele\ndin cauciuc completeaz\u0103 spiritul inconfundabil al\nvehiculului destinat aventurilor \u00een natur\u0103.\n\n<\/span>\t\t\t\t\t<\/div>\n\t\t\t\t\t\t\t\t\t\t<div class=\"divider-md hidden-lg hidden-md\"><\/div>\n\t\t\t\t\t\t\t\t\t\t\t\t\t\t\t<div class=\"col-md-4\">\n\t\t\t\t\t\t<h6 class=\"subtitle\"><span style=\"font-family: DACIA;\">CROSSOVER VERSATIL<\/h6>\n\t\t\t\t\t\t<span style=\"font-family: DACIA;\">Dacia Sandero Stepway face fa\u021b\u0103 provoc\u0103rilor\ndin via\u021ba real\u0103: datorit\u0103 portbagajului s\u0103u mare,\nextensibil, treci rapid de la via\u021ba de ora\u0219 la aventur\u0103\n\u00een natur\u0103. \u0218i beneficiezi \u00een continuare de cele mai noi\ninstrumente care \u00ee\u021bi permit s\u0103 conduci confortabil.\n<\/span>\t\t\t\t\t<\/div>\n\t\t\t\t\t\t\t\t\t\t<div class=\"divider-md hidden-lg hidden-md\"><\/div>\n\t\t\t\t\t\t\t\t\t\t\t\t\t\t\t<div class=\"col-md-4\">\n\t\t\t\t\t\t<h6 class=\"subtitle\"><span style=\"font-family: DACIA;\">SPA\u021aIUL DE CARE AI NEVOIE PENTRU A-\u021aI \u00ceMPLINI TOATE DORIN\u021aELE<\/h6>\n\t\t\t\t\t\t<span style=\"font-family: DACIA;\">Rabateaz\u0103 scaunele cu o singur\u0103 atingere, regleaz\u0103\ncapacitatea de \u00eenc\u0103rcare dup\u0103 cum este necesar \u0219i\ntr\u0103ie\u0219te via\u021ba la maxim.\nPrintr-un sistem ingenios, po\u021bi s\u0103 converte\u0219ti f\u0103r\u0103\nefort barele de pavilion longitudinale \u00een bare\ntransversale pentru a putea amplasa un portbagaj\nsuplimentar sau un suport pentru biciclete ori schiuri.\nGata s\u0103 cucere\u0219ti lumea? S\u0103 mergem!\n\n<\/span>\t\t\t\t\t<\/div>\n\t\t\t\t\t\t\t\t\t\t\t\t\t\t<\/div>\n\t\t\t<\/div>\n\t\t<\/div>\n\n\t\t\t\t\t<\/div>\n\t\t\t\t<\/div>\n\t\t\t\t<div class=\"elementor-element elementor-element-8e35e83 elementor-widget elementor-widget-about_us_1\" data-id=\"8e35e83\" data-element_type=\"widget\" data-widget_type=\"about_us_1.default\">\n\t\t\t\t<div class=\"elementor-widget-container\">\n\t\t\t\n\t\t<div class=\"block\">\n\t\t\t<div class=\"container no-indent\">\n\t\t\t\t<div class=\"wrapper-parallax-left02\">\n\t\t\t\t\t<div class=\"col-img\">\n\t\t\t\t\t\t<img width=\"1280\" height=\"720\" src=\"https:\/\/starservice.ro\/wp-content\/uploads\/2025\/04\/dacia-noul-sandero-stepway1.png\" class=\"attachment-full size-full\" alt=\"\" loading=\"lazy\" srcset=\"https:\/\/starservice.ro\/wp-content\/uploads\/2025\/04\/dacia-noul-sandero-stepway1.png 1280w, https:\/\/starservice.ro\/wp-content\/uploads\/2025\/04\/dacia-noul-sandero-stepway1-300x169.png 300w, https:\/\/starservice.ro\/wp-content\/uploads\/2025\/04\/dacia-noul-sandero-stepway1-1024x576.png 1024w, https:\/\/starservice.ro\/wp-content\/uploads\/2025\/04\/dacia-noul-sandero-stepway1-768x432.png 768w, https:\/\/starservice.ro\/wp-content\/uploads\/2025\/04\/dacia-noul-sandero-stepway1-870x489.png 870w, https:\/\/starservice.ro\/wp-content\/uploads\/2025\/04\/dacia-noul-sandero-stepway1-600x338.png 600w\" sizes=\"(max-width: 1280px) 100vw, 1280px\" \/>\t\t\t\t\t<\/div>\n\t\t\t\t\t<div class=\"col-description\">\n\t\t\t\t\t\t<div class=\"block-title text-left\">\n\t\t\t\t\t\t\t<h3 class=\"block-title__title\">\n\t\t\t\t\t\t\t<span style=\"font-family: DACIA\">SIGURAN\u021a\u0102 LA ORICE PAS<\/span>\t\t\t\t\t\t\t<\/h3>\n\t\t\t\t\t\t\t<div class=\"title-separator\"><\/div>\n\t\t\t\t\t\t<\/div>\n\t\t\t\t\t\t<span style=\"font-family: DACIA\">Pentru Dacia, nimic nu este mai important dec\u00e2t\n\u00eembun\u0103t\u0103\u021birea constant\u0103 a siguran\u021bei vehiculelor\n\u0219i, mai ales, a pasagerilor. Cu fr\u00e2narea automat\u0103 de\nurgen\u021b\u0103, asisten\u021ba la pornirea \u00een pant\u0103, \u0219ase airbaguri\n(\u00een standard) \u0219i senzorul pentru unghiul mort, po\u021bi\nconduce relaxat. Dacia Sandero Stepway \u00ee\u021bi ofer\u0103 tot\nce ai nevoie pentru a conduce f\u0103r\u0103 griji.<\/span>\t\t\t\t\t<\/div>\n\t\t\t\t<\/div>\n\t\t\t\t<div class=\"divider-md\"><\/div>\n\t\t\t\t<div class=\"row\">\n\t\t\t\t\t\t\t\t\t<div class=\"col-md-4\">\n\t\t\t\t\t\t<h6 class=\"subtitle\"><\/h6>\n\t\t\t\t\t\t\t\t\t\t\t<\/div>\n\t\t\t\t\t\t\t\t\t\t\t\t\t\t<\/div>\n\t\t\t<\/div>\n\t\t<\/div>\n\n\t\t\t\t\t<\/div>\n\t\t\t\t<\/div>\n\t\t\t\t<div class=\"elementor-element elementor-element-7550471 elementor-align-center elementor-mobile-align-center elementor-widget elementor-widget-button\" data-id=\"7550471\" data-element_type=\"widget\" data-settings=\"{&quot;_animation&quot;:&quot;none&quot;,&quot;_animation_tablet&quot;:&quot;none&quot;}\" data-widget_type=\"button.default\">\n\t\t\t\t<div class=\"elementor-widget-container\">\n\t\t\t\t\t<div class=\"elementor-button-wrapper\">\n\t\t\t<a href=\"https:\/\/starservice.ro\/wp-content\/uploads\/2025\/04\/dacia-sandero-stepway-brosura.pdf\" target=\"_blank\" class=\"elementor-button-link elementor-button elementor-size-sm\" role=\"button\">\n\t\t\t\t\t\t<span class=\"elementor-button-content-wrapper\">\n\t\t\t\t\t\t\t<span class=\"elementor-button-icon elementor-align-icon-left\">\n\t\t\t\t<i aria-hidden=\"true\" class=\"far fa-arrow-alt-circle-down\"><\/i>\t\t\t<\/span>\n\t\t\t\t\t\t<span class=\"elementor-button-text\">Descarc\u0103 PDF<\/span>\n\t\t<\/span>\n\t\t\t\t\t<\/a>\n\t\t<\/div>\n\t\t\t\t<\/div>\n\t\t\t\t<\/div>\n\t\t\t\t<div class=\"elementor-element elementor-element-8406e94 elementor-align-left elementor-mobile-align-center elementor-widget elementor-widget-button\" data-id=\"8406e94\" data-element_type=\"widget\" data-settings=\"{&quot;_animation&quot;:&quot;none&quot;,&quot;_animation_tablet&quot;:&quot;none&quot;}\" data-widget_type=\"button.default\">\n\t\t\t\t<div class=\"elementor-widget-container\">\n\t\t\t\t\t<div class=\"elementor-button-wrapper\">\n\t\t\t<a href=\"https:\/\/starservice.ro\/?page_id=2942\" class=\"elementor-button-link elementor-button elementor-size-sm\" role=\"button\">\n\t\t\t\t\t\t<span class=\"elementor-button-content-wrapper\">\n\t\t\t\t\t\t\t<span class=\"elementor-button-icon elementor-align-icon-left\">\n\t\t\t\t<i aria-hidden=\"true\" class=\"far fa-arrow-alt-circle-left\"><\/i>\t\t\t<\/span>\n\t\t\t\t\t\t<span class=\"elementor-button-text\">\u00cenapoi la pagina principal\u0103<\/span>\n\t\t<\/span>\n\t\t\t\t\t<\/a>\n\t\t<\/div>\n\t\t\t\t<\/div>\n\t\t\t\t<\/div>\n\t\t\t\t\t<\/div>\n\t\t<\/div>\n\t\t\t\t\t\t\t<\/div>\n\t\t<\/section>\n\t\t\t\t<section class=\"elementor-section elementor-top-section elementor-element elementor-element-4c44883 elementor-section-boxed elementor-section-height-default elementor-section-height-default\" data-id=\"4c44883\" data-element_type=\"section\">\n\t\t\t\t\t\t<div class=\"elementor-container elementor-column-gap-default\">\n\t\t\t\t\t<div class=\"elementor-column elementor-col-100 elementor-top-column elementor-element elementor-element-8b2aa31\" data-id=\"8b2aa31\" data-element_type=\"column\">\n\t\t\t<div class=\"elementor-widget-wrap elementor-element-populated\">\n\t\t\t\t\t\t\t\t<div class=\"elementor-element elementor-element-77a4b76 elementor-widget elementor-widget-appointment_schedule\" data-id=\"77a4b76\" data-element_type=\"widget\" data-widget_type=\"appointment_schedule.default\">\n\t\t\t\t<div class=\"elementor-widget-container\">\n\t\t\t\n<div class=\"block \">\n\n  <div class=\"container position-relative\">\n\t<div class=\"section__text-background text-color02 text-center text-background__center\">\n\t\t\tPromo\u021bii<\/div>\n\t<div class=\"row\">\n\t  <div class=\"col-md-6\">\n\t\t<div class=\"text-appointment\">\n\t\t  <h2 class=\"h-lg\"><\/h2>\n\t\t  <p class=\"info\">STAR Service Dealer Auto pentru m\u0103rcile DACIA \/ RENAULT<\/p>\n\t\t  <h2 class=\"h-phone\">Tel: 0240 531 215<\/h2>\n\t\t  <div>\n\n\t\t\t\t\t\t<a class=\"btn btn-border btn-invert\"\n\t\t\t  href=\"https:\/\/starservice.ro\/?page_id=225\"><span>Vezi OFERTA<\/span><\/a>\n\t\t\t\t\t  <\/div>\n\t\t<\/div>\n\t  <\/div>\n\t  <div class=\"col-md-6\">\n\t\t<div class=\"img-move animation animated fadeInRight\" data-animation=\"fadeInRight\" data-animation-delay=\"0s\">\n\t\t\t<img width=\"667\" height=\"375\" src=\"https:\/\/starservice.ro\/wp-content\/uploads\/2021\/02\/noul_logan_.png\" class=\"attachment-full size-full\" alt=\"\" loading=\"lazy\" srcset=\"https:\/\/starservice.ro\/wp-content\/uploads\/2021\/02\/noul_logan_.png 667w, https:\/\/starservice.ro\/wp-content\/uploads\/2021\/02\/noul_logan_-300x169.png 300w, https:\/\/starservice.ro\/wp-content\/uploads\/2021\/02\/noul_logan_-600x337.png 600w\" sizes=\"(max-width: 667px) 100vw, 667px\" \/>\t\t<\/div>\n\t  <\/div>\n\t<\/div>\n  <\/div>\n<\/div>\n\t\t\t\t\t<\/div>\n\t\t\t\t<\/div>\n\t\t\t\t\t<\/div>\n\t\t<\/div>\n\t\t\t\t\t\t\t<\/div>\n\t\t<\/section>\n\t\t\t\t\t\t\t<\/div>\n\t\t","protected":false},"excerpt":{"rendered":"<p>DACIA SANDERO STEPWAY DACIA SANDERO STEPWAY Dacia Sandero Stepway \u00ee\u0219i reafirm\u0103 stilul de crossover, duc\u00e2nd ideea de evadare la un nou nivel datorit\u0103 noului finisaj Extreme, ce confer\u0103 vehiculului un aspect de teren \u0219i mai puternic. O singur\u0103 privire \u0219i e\u0219ti gata s\u0103 porne\u0219ti la drum cu Dacia Sandero Stepway. Capota sculptat\u0103, partea frontal\u0103 \u00eendr\u0103znea\u021b\u0103, [&hellip;]<\/p>\n","protected":false},"author":1,"featured_media":0,"parent":0,"menu_order":0,"comment_status":"closed","ping_status":"closed","template":"","meta":[],"_links":{"self":[{"href":"https:\/\/starservice.ro\/index.php?rest_route=\/wp\/v2\/pages\/4520"}],"collection":[{"href":"https:\/\/starservice.ro\/index.php?rest_route=\/wp\/v2\/pages"}],"about":[{"href":"https:\/\/starservice.ro\/index.php?rest_route=\/wp\/v2\/types\/page"}],"author":[{"embeddable":true,"href":"https:\/\/starservice.ro\/index.php?rest_route=\/wp\/v2\/users\/1"}],"replies":[{"embeddable":true,"href":"https:\/\/starservice.ro\/index.php?rest_route=%2Fwp%2Fv2%2Fcomments&post=4520"}],"version-history":[{"count":25,"href":"https:\/\/starservice.ro\/index.php?rest_route=\/wp\/v2\/pages\/4520\/revisions"}],"predecessor-version":[{"id":4599,"href":"https:\/\/starservice.ro\/index.php?rest_route=\/wp\/v2\/pages\/4520\/revisions\/4599"}],"wp:attachment":[{"href":"https:\/\/starservice.ro\/index.php?rest_route=%2Fwp%2Fv2%2Fmedia&parent=4520"}],"curies":[{"name":"wp","href":"https:\/\/api.w.org\/{rel}","templated":true}]}}